{"id":871,"date":"2024-08-05T22:58:32","date_gmt":"2024-08-06T03:58:32","guid":{"rendered":"https:\/\/cacmultimarca.com\/?post_type=product&#038;p=871"},"modified":"2024-08-08T10:50:05","modified_gmt":"2024-08-08T15:50:05","slug":"dashing-1-5t-mtii","status":"publish","type":"product","link":"https:\/\/cacmultimarca.com\/index.php\/producto\/dashing-1-5t-mtii\/","title":{"rendered":"DASHING 1.5T MTII"},"content":{"rendered":"<header class=\"data-sheet-zz-box__header\"><span class=\"data-sheet-zz-box__label\">\u00daNICAMENTE DISTINGUIDO<\/span><\/header>\n<div class=\"data-sheet-zz-box__text\">\n<p>Con la est\u00e9tica innovadora de un sistema de vanguardia, muestra un estilo futurista.<\/p>\n<p>Disponible en m\u00faltiples colores, siempre hay uno que combina contigo.<\/p>\n<\/div>\n<p>&nbsp;<\/p>\n<p>&nbsp;<\/p>\n<p style=\"text-align: center;\">\n","protected":false},"excerpt":{"rendered":"<p>\u00daNICAMENTE DISTINGUIDO Con la est\u00e9tica innovadora de un sistema de vanguardia, muestra un estilo futurista. Disponible en m\u00faltiples colores, siempre hay uno que combina contigo. &nbsp; &nbsp;<\/p>\n","protected":false},"featured_media":872,"comment_status":"open","ping_status":"closed","template":"","meta":{"_joinchat":[]},"product_brand":[],"product_cat":[26],"product_tag":[],"class_list":{"0":"post-871","1":"product","2":"type-product","3":"status-publish","4":"has-post-thumbnail","6":"product_cat-jetour","8":"first","9":"instock","10":"shipping-taxable","11":"purchasable","12":"product-type-simple"},"jetpack_sharing_enabled":true,"_links":{"self":[{"href":"https:\/\/cacmultimarca.com\/index.php\/wp-json\/wp\/v2\/product\/871"}],"collection":[{"href":"https:\/\/cacmultimarca.com\/index.php\/wp-json\/wp\/v2\/product"}],"about":[{"href":"https:\/\/cacmultimarca.com\/index.php\/wp-json\/wp\/v2\/types\/product"}],"replies":[{"embeddable":true,"href":"https:\/\/cacmultimarca.com\/index.php\/wp-json\/wp\/v2\/comments?post=871"}],"wp:featuredmedia":[{"embeddable":true,"href":"https:\/\/cacmultimarca.com\/index.php\/wp-json\/wp\/v2\/media\/872"}],"wp:attachment":[{"href":"https:\/\/cacmultimarca.com\/index.php\/wp-json\/wp\/v2\/media?parent=871"}],"wp:term":[{"taxonomy":"product_brand","embeddable":true,"href":"https:\/\/cacmultimarca.com\/index.php\/wp-json\/wp\/v2\/product_brand?post=871"},{"taxonomy":"product_cat","embeddable":true,"href":"https:\/\/cacmultimarca.com\/index.php\/wp-json\/wp\/v2\/product_cat?post=871"},{"taxonomy":"product_tag","embeddable":true,"href":"https:\/\/cacmultimarca.com\/index.php\/wp-json\/wp\/v2\/product_tag?post=871"}],"curies":[{"name":"wp","href":"https:\/\/api.w.org\/{rel}","templated":true}]}}