{"id":868,"date":"2024-08-05T22:27:10","date_gmt":"2024-08-06T03:27:10","guid":{"rendered":"https:\/\/cacmultimarca.com\/?post_type=product&#038;p=868"},"modified":"2024-08-08T10:51:13","modified_gmt":"2024-08-08T15:51:13","slug":"jetour-x70-plus-dct-1-6-tgdi","status":"publish","type":"product","link":"https:\/\/cacmultimarca.com\/index.php\/producto\/jetour-x70-plus-dct-1-6-tgdi\/","title":{"rendered":"Jetour X70 Plus DCT 1.6 TGDi"},"content":{"rendered":"<table class=\"table table-striped table-sm table-hover\">\n<tbody>\n<tr class=\"collapse show o_ws_category_0\">\n<td>Versiones<\/td>\n<td>Gasolina<\/td>\n<\/tr>\n<tr class=\"collapse show o_ws_category_0\">\n<td>Transmisi\u00f3n<\/td>\n<td>7 DCT<\/td>\n<\/tr>\n<tr class=\"collapse show o_ws_category_0\">\n<td>Tracci\u00f3n<\/td>\n<td>4&#215;2<\/td>\n<\/tr>\n<tr class=\"collapse show o_ws_category_0\">\n<td>Motor<\/td>\n<td>1.6 Turbo<\/td>\n<\/tr>\n<tr class=\"collapse show o_ws_category_0\">\n<td>Potencia M\u00e1xima<\/td>\n<td>200 HP<\/td>\n<\/tr>\n<tr class=\"collapse show o_ws_category_0\">\n<td>Accesorios<\/td>\n<td>Doble Pantalla Integrada 10.25&#8243; + 10.25&#8243;<\/td>\n<\/tr>\n<tr class=\"collapse show o_ws_category_0\">\n<td>N\u00b0 de Asientos<\/td>\n<td>7 Pasajeros<\/td>\n<\/tr>\n<\/tbody>\n<\/table>\n","protected":false},"excerpt":{"rendered":"<p>Versiones Gasolina Transmisi\u00f3n 7 DCT Tracci\u00f3n 4&#215;2 Motor 1.6 Turbo Potencia M\u00e1xima 200 HP Accesorios Doble Pantalla Integrada 10.25&#8243; + 10.25&#8243; N\u00b0 de Asientos 7 Pasajeros<\/p>\n","protected":false},"featured_media":867,"comment_status":"open","ping_status":"closed","template":"","meta":{"_joinchat":[]},"product_brand":[],"product_cat":[26],"product_tag":[],"class_list":{"0":"post-868","1":"product","2":"type-product","3":"status-publish","4":"has-post-thumbnail","6":"product_cat-jetour","8":"first","9":"instock","10":"shipping-taxable","11":"purchasable","12":"product-type-simple"},"jetpack_sharing_enabled":true,"_links":{"self":[{"href":"https:\/\/cacmultimarca.com\/index.php\/wp-json\/wp\/v2\/product\/868"}],"collection":[{"href":"https:\/\/cacmultimarca.com\/index.php\/wp-json\/wp\/v2\/product"}],"about":[{"href":"https:\/\/cacmultimarca.com\/index.php\/wp-json\/wp\/v2\/types\/product"}],"replies":[{"embeddable":true,"href":"https:\/\/cacmultimarca.com\/index.php\/wp-json\/wp\/v2\/comments?post=868"}],"wp:featuredmedia":[{"embeddable":true,"href":"https:\/\/cacmultimarca.com\/index.php\/wp-json\/wp\/v2\/media\/867"}],"wp:attachment":[{"href":"https:\/\/cacmultimarca.com\/index.php\/wp-json\/wp\/v2\/media?parent=868"}],"wp:term":[{"taxonomy":"product_brand","embeddable":true,"href":"https:\/\/cacmultimarca.com\/index.php\/wp-json\/wp\/v2\/product_brand?post=868"},{"taxonomy":"product_cat","embeddable":true,"href":"https:\/\/cacmultimarca.com\/index.php\/wp-json\/wp\/v2\/product_cat?post=868"},{"taxonomy":"product_tag","embeddable":true,"href":"https:\/\/cacmultimarca.com\/index.php\/wp-json\/wp\/v2\/product_tag?post=868"}],"curies":[{"name":"wp","href":"https:\/\/api.w.org\/{rel}","templated":true}]}}