{"id":866,"date":"2024-08-05T22:24:16","date_gmt":"2024-08-06T03:24:16","guid":{"rendered":"https:\/\/cacmultimarca.com\/?post_type=product&#038;p=866"},"modified":"2024-08-08T10:51:40","modified_gmt":"2024-08-08T15:51:40","slug":"suv-jetour-x70-plus-t-m-gasolina-1-5-turbo","status":"publish","type":"product","link":"https:\/\/cacmultimarca.com\/index.php\/producto\/suv-jetour-x70-plus-t-m-gasolina-1-5-turbo\/","title":{"rendered":"SUV JETOUR X70 PLUS T\/M GASOLINA 1.5 TURBO"},"content":{"rendered":"<table class=\"table table-striped table-sm table-hover\">\n<tbody>\n<tr class=\"collapse show o_ws_category_0\">\n<td>Versiones<\/td>\n<td>Gasolina<\/td>\n<\/tr>\n<tr class=\"collapse show o_ws_category_0\">\n<td>Transmisi\u00f3n<\/td>\n<td>6 velocidades manuales<\/td>\n<\/tr>\n<tr class=\"collapse show o_ws_category_0\">\n<td>Tracci\u00f3n<\/td>\n<td>4&#215;2<\/td>\n<\/tr>\n<tr class=\"collapse show o_ws_category_0\">\n<td>Motor<\/td>\n<td>1.5 Turbo<\/td>\n<\/tr>\n<tr class=\"collapse show o_ws_category_0\">\n<td>Potencia M\u00e1xima<\/td>\n<td>160 HP<\/td>\n<\/tr>\n<tr class=\"collapse show o_ws_category_0\">\n<td>Accesorios<\/td>\n<td>Doble Pantalla Integrada 10.25&#8243; + 10.25&#8243;<\/td>\n<\/tr>\n<tr class=\"collapse show o_ws_category_0\">\n<td>N\u00b0 de Asientos<\/td>\n<td>7 Pasajeros<\/td>\n<\/tr>\n<\/tbody>\n<\/table>\n","protected":false},"excerpt":{"rendered":"<p>Versiones Gasolina Transmisi\u00f3n 6 velocidades manuales Tracci\u00f3n 4&#215;2 Motor 1.5 Turbo Potencia M\u00e1xima 160 HP Accesorios Doble Pantalla Integrada 10.25&#8243; + 10.25&#8243; N\u00b0 de Asientos 7 Pasajeros<\/p>\n","protected":false},"featured_media":867,"comment_status":"open","ping_status":"closed","template":"","meta":{"_joinchat":[]},"product_brand":[],"product_cat":[26],"product_tag":[],"class_list":{"0":"post-866","1":"product","2":"type-product","3":"status-publish","4":"has-post-thumbnail","6":"product_cat-jetour","8":"first","9":"instock","10":"shipping-taxable","11":"purchasable","12":"product-type-simple"},"jetpack_sharing_enabled":true,"_links":{"self":[{"href":"https:\/\/cacmultimarca.com\/index.php\/wp-json\/wp\/v2\/product\/866"}],"collection":[{"href":"https:\/\/cacmultimarca.com\/index.php\/wp-json\/wp\/v2\/product"}],"about":[{"href":"https:\/\/cacmultimarca.com\/index.php\/wp-json\/wp\/v2\/types\/product"}],"replies":[{"embeddable":true,"href":"https:\/\/cacmultimarca.com\/index.php\/wp-json\/wp\/v2\/comments?post=866"}],"wp:featuredmedia":[{"embeddable":true,"href":"https:\/\/cacmultimarca.com\/index.php\/wp-json\/wp\/v2\/media\/867"}],"wp:attachment":[{"href":"https:\/\/cacmultimarca.com\/index.php\/wp-json\/wp\/v2\/media?parent=866"}],"wp:term":[{"taxonomy":"product_brand","embeddable":true,"href":"https:\/\/cacmultimarca.com\/index.php\/wp-json\/wp\/v2\/product_brand?post=866"},{"taxonomy":"product_cat","embeddable":true,"href":"https:\/\/cacmultimarca.com\/index.php\/wp-json\/wp\/v2\/product_cat?post=866"},{"taxonomy":"product_tag","embeddable":true,"href":"https:\/\/cacmultimarca.com\/index.php\/wp-json\/wp\/v2\/product_tag?post=866"}],"curies":[{"name":"wp","href":"https:\/\/api.w.org\/{rel}","templated":true}]}}