{"id":860,"date":"2024-08-05T22:19:53","date_gmt":"2024-08-06T03:19:53","guid":{"rendered":"https:\/\/cacmultimarca.com\/?post_type=product&#038;p=860"},"modified":"2024-08-08T10:52:08","modified_gmt":"2024-08-08T15:52:08","slug":"x70-ii-at-1-5t","status":"publish","type":"product","link":"https:\/\/cacmultimarca.com\/index.php\/producto\/x70-ii-at-1-5t\/","title":{"rendered":"X70 II AT 1.5T"},"content":{"rendered":"<h4 class=\"border-t border-gray-100 pt-4 mx-3\">A\u00f1o de Construcci\u00f3n 2023<\/h4>\n<h4 class=\"border-t border-gray-100 pt-4 mx-3\">Ciudad Quito<\/h4>\n<h4 class=\"border-t border-gray-100 pt-4 mx-3\">Kilometraje 25.525 Kms.<\/h4>\n<h4><\/h4>\n<div class=\"border-t border-gray-100 pt-4 mx-3\">Publicaci\u00f3n 1813578<\/div>\n<div class=\"border-t border-gray-100 pt-4 mx-3\">Marca Jetour<\/div>\n<div class=\"border-t border-gray-100 pt-4 mx-3\">Modelo X70 II AT 1.5T<\/div>\n<div class=\"border-t border-gray-100 pt-4 mx-3\">Subtipo Todo terreno<\/div>\n<div class=\"border-t border-gray-100 pt-4 mx-3\">Recorrido 25.525 Kms.<\/div>\n<div class=\"border-t border-gray-100 pt-4 mx-3\">Aire Aire Acondicionado<\/div>\n<div class=\"border-t border-gray-100 pt-4 mx-3\">Tracci\u00f3n 4 x 2<\/div>\n<div class=\"border-t border-gray-100 pt-4 mx-3\">Color Blanco<\/div>\n<div class=\"border-t border-gray-100 pt-4 mx-3\">\u00daltimo N\u00famero Placa 6<\/div>\n<div class=\"border-t border-gray-100 pt-4 mx-3\">Vidrios El\u00e9ctricos<\/div>\n<div class=\"border-t border-gray-100 pt-4 mx-3\">Transmisi\u00f3n Autom\u00e1tica<\/div>\n<div class=\"border-t border-gray-100 pt-4 mx-3\">Direcci\u00f3n Electr\u00f3nica<\/div>\n<div class=\"border-t border-gray-100 pt-4 mx-3\">Cilindraje 1.500<\/div>\n<div class=\"border-t border-gray-100 pt-4 mx-3\">Tapizado Cuero<\/div>\n<div class=\"border-t border-gray-100 pt-4 mx-3\">Combustible Gasolina<\/div>\n<div class=\"border-t border-gray-100 pt-4 mx-3\">Provincia de la PlacaPichincha<\/div>\n<h4><\/h4>\n<div><\/div>\n","protected":false},"excerpt":{"rendered":"<p>A\u00f1o de Construcci\u00f3n 2023 Ciudad Quito Kilometraje 25.525 Kms. Publicaci\u00f3n 1813578 Marca Jetour Modelo X70 II AT 1.5T Subtipo Todo terreno Recorrido 25.525 Kms. Aire Aire Acondicionado Tracci\u00f3n 4 x 2 Color Blanco \u00daltimo N\u00famero Placa 6 Vidrios El\u00e9ctricos Transmisi\u00f3n Autom\u00e1tica Direcci\u00f3n Electr\u00f3nica Cilindraje 1.500 Tapizado Cuero Combustible Gasolina Provincia de la PlacaPichincha<\/p>\n","protected":false},"featured_media":861,"comment_status":"open","ping_status":"closed","template":"","meta":{"_joinchat":[]},"product_brand":[],"product_cat":[26],"product_tag":[],"class_list":{"0":"post-860","1":"product","2":"type-product","3":"status-publish","4":"has-post-thumbnail","6":"product_cat-jetour","8":"first","9":"instock","10":"shipping-taxable","11":"purchasable","12":"product-type-simple"},"jetpack_sharing_enabled":true,"_links":{"self":[{"href":"https:\/\/cacmultimarca.com\/index.php\/wp-json\/wp\/v2\/product\/860"}],"collection":[{"href":"https:\/\/cacmultimarca.com\/index.php\/wp-json\/wp\/v2\/product"}],"about":[{"href":"https:\/\/cacmultimarca.com\/index.php\/wp-json\/wp\/v2\/types\/product"}],"replies":[{"embeddable":true,"href":"https:\/\/cacmultimarca.com\/index.php\/wp-json\/wp\/v2\/comments?post=860"}],"wp:featuredmedia":[{"embeddable":true,"href":"https:\/\/cacmultimarca.com\/index.php\/wp-json\/wp\/v2\/media\/861"}],"wp:attachment":[{"href":"https:\/\/cacmultimarca.com\/index.php\/wp-json\/wp\/v2\/media?parent=860"}],"wp:term":[{"taxonomy":"product_brand","embeddable":true,"href":"https:\/\/cacmultimarca.com\/index.php\/wp-json\/wp\/v2\/product_brand?post=860"},{"taxonomy":"product_cat","embeddable":true,"href":"https:\/\/cacmultimarca.com\/index.php\/wp-json\/wp\/v2\/product_cat?post=860"},{"taxonomy":"product_tag","embeddable":true,"href":"https:\/\/cacmultimarca.com\/index.php\/wp-json\/wp\/v2\/product_tag?post=860"}],"curies":[{"name":"wp","href":"https:\/\/api.w.org\/{rel}","templated":true}]}}