{"id":857,"date":"2024-08-05T21:33:29","date_gmt":"2024-08-06T02:33:29","guid":{"rendered":"https:\/\/cacmultimarca.com\/?post_type=product&#038;p=857"},"modified":"2024-08-08T10:52:34","modified_gmt":"2024-08-08T15:52:34","slug":"suv-jetour-x70-ii-t-m-gasolina-1-5-turbo","status":"publish","type":"product","link":"https:\/\/cacmultimarca.com\/index.php\/producto\/suv-jetour-x70-ii-t-m-gasolina-1-5-turbo\/","title":{"rendered":"SUV. JETOUR X70 II T\/M GASOLINA 1.5 TURBO"},"content":{"rendered":"<table class=\"table table-striped table-sm table-hover\">\n<tbody>\n<tr class=\"collapse show o_ws_category_0\">\n<td>Versiones<\/td>\n<td>Gasolina<\/td>\n<\/tr>\n<tr class=\"collapse show o_ws_category_0\">\n<td>Transmisi\u00f3n<\/td>\n<td>Manual 5 Velocidades<\/td>\n<\/tr>\n<tr class=\"collapse show o_ws_category_0\">\n<td>Tracci\u00f3n<\/td>\n<td>4&#215;2<\/td>\n<\/tr>\n<tr class=\"collapse show o_ws_category_0\">\n<td>Interior Color<\/td>\n<td>Negro<\/td>\n<\/tr>\n<tr class=\"collapse show o_ws_category_0\">\n<td>Motor<\/td>\n<td>1.5 Turbo<\/td>\n<\/tr>\n<tr class=\"collapse show o_ws_category_0\">\n<td>Potencia M\u00e1xima<\/td>\n<td>150 HP<\/td>\n<\/tr>\n<tr class=\"collapse show o_ws_category_0\">\n<td>Accesorios<\/td>\n<td>Radio Pantalla de 8&#8243; full color y c\u00e1mara de retro, Aire Acondicionado, REPRODUCTOR USB BLUETOOTH GPS, Vidrios el\u00e9ctricos<\/td>\n<\/tr>\n<tr class=\"collapse show o_ws_category_0\">\n<td>N\u00b0 de Asientos<\/td>\n<td>7 Pasajeros<\/td>\n<\/tr>\n<\/tbody>\n<\/table>\n","protected":false},"excerpt":{"rendered":"<p>Versiones Gasolina Transmisi\u00f3n Manual 5 Velocidades Tracci\u00f3n 4&#215;2 Interior Color Negro Motor 1.5 Turbo Potencia M\u00e1xima 150 HP Accesorios Radio Pantalla de 8&#8243; full color y c\u00e1mara de retro, Aire Acondicionado, REPRODUCTOR USB BLUETOOTH GPS, Vidrios el\u00e9ctricos N\u00b0 de Asientos 7 Pasajeros<\/p>\n","protected":false},"featured_media":858,"comment_status":"open","ping_status":"closed","template":"","meta":{"_joinchat":[]},"product_brand":[],"product_cat":[26],"product_tag":[],"class_list":{"0":"post-857","1":"product","2":"type-product","3":"status-publish","4":"has-post-thumbnail","6":"product_cat-jetour","8":"first","9":"instock","10":"shipping-taxable","11":"purchasable","12":"product-type-simple"},"jetpack_sharing_enabled":true,"_links":{"self":[{"href":"https:\/\/cacmultimarca.com\/index.php\/wp-json\/wp\/v2\/product\/857"}],"collection":[{"href":"https:\/\/cacmultimarca.com\/index.php\/wp-json\/wp\/v2\/product"}],"about":[{"href":"https:\/\/cacmultimarca.com\/index.php\/wp-json\/wp\/v2\/types\/product"}],"replies":[{"embeddable":true,"href":"https:\/\/cacmultimarca.com\/index.php\/wp-json\/wp\/v2\/comments?post=857"}],"wp:featuredmedia":[{"embeddable":true,"href":"https:\/\/cacmultimarca.com\/index.php\/wp-json\/wp\/v2\/media\/858"}],"wp:attachment":[{"href":"https:\/\/cacmultimarca.com\/index.php\/wp-json\/wp\/v2\/media?parent=857"}],"wp:term":[{"taxonomy":"product_brand","embeddable":true,"href":"https:\/\/cacmultimarca.com\/index.php\/wp-json\/wp\/v2\/product_brand?post=857"},{"taxonomy":"product_cat","embeddable":true,"href":"https:\/\/cacmultimarca.com\/index.php\/wp-json\/wp\/v2\/product_cat?post=857"},{"taxonomy":"product_tag","embeddable":true,"href":"https:\/\/cacmultimarca.com\/index.php\/wp-json\/wp\/v2\/product_tag?post=857"}],"curies":[{"name":"wp","href":"https:\/\/api.w.org\/{rel}","templated":true}]}}