{"id":855,"date":"2024-08-05T21:29:44","date_gmt":"2024-08-06T02:29:44","guid":{"rendered":"https:\/\/cacmultimarca.com\/?post_type=product&#038;p=855"},"modified":"2024-08-08T10:53:06","modified_gmt":"2024-08-08T15:53:06","slug":"x70-i-mt-1-5t","status":"publish","type":"product","link":"https:\/\/cacmultimarca.com\/index.php\/producto\/x70-i-mt-1-5t\/","title":{"rendered":"X70 I MT 1.5T"},"content":{"rendered":"<h5 class=\"detalle-bg-intro-carro--subtitulo animate__bounce d-none d-md-block mb-2 \">Jetour X70 es un SUV Premium \u00fanico en su clase, aventajando a la competencia en equipamiento, tecnolog\u00eda, seguridad, potencia y confort.<\/h5>\n<ul class=\"i8Z77e\">\n<li class=\"TrT0Xe\">Motor: 1.5L Turbo \/ Potencia: 145 HP.<\/li>\n<li class=\"TrT0Xe\">Transmisi\u00f3n autom\u00e1tica de 8 velocidades.<\/li>\n<li class=\"TrT0Xe\">Capacidad para 7 pasajeros.<\/li>\n<li class=\"TrT0Xe\">4 Airbags.<\/li>\n<li class=\"TrT0Xe\">Radio Touch 10&#8243; con conectividad.<\/li>\n<li class=\"TrT0Xe\">C\u00e1mara de retroceso.<\/li>\n<li class=\"TrT0Xe\">Smart key y bot\u00f3n de encendido.<\/li>\n<li class=\"TrT0Xe\">Aire acondicionado.<\/li>\n<\/ul>\n<p>&nbsp;<\/p>\n<p>&nbsp;<\/p>\n<p>&nbsp;<\/p>\n","protected":false},"excerpt":{"rendered":"<p>Jetour X70 es un SUV Premium \u00fanico en su clase, aventajando a la competencia en equipamiento, tecnolog\u00eda, seguridad, potencia y confort. Motor: 1.5L Turbo \/ Potencia: 145 HP. Transmisi\u00f3n autom\u00e1tica de 8 velocidades. Capacidad para 7 pasajeros. 4 Airbags. Radio Touch 10&#8243; con conectividad. C\u00e1mara de retroceso. Smart key y bot\u00f3n de encendido. Aire acondicionado. [&hellip;]<\/p>\n","protected":false},"featured_media":856,"comment_status":"open","ping_status":"closed","template":"","meta":{"_joinchat":[]},"product_brand":[],"product_cat":[26],"product_tag":[],"class_list":{"0":"post-855","1":"product","2":"type-product","3":"status-publish","4":"has-post-thumbnail","6":"product_cat-jetour","8":"first","9":"instock","10":"shipping-taxable","11":"purchasable","12":"product-type-simple"},"jetpack_sharing_enabled":true,"_links":{"self":[{"href":"https:\/\/cacmultimarca.com\/index.php\/wp-json\/wp\/v2\/product\/855"}],"collection":[{"href":"https:\/\/cacmultimarca.com\/index.php\/wp-json\/wp\/v2\/product"}],"about":[{"href":"https:\/\/cacmultimarca.com\/index.php\/wp-json\/wp\/v2\/types\/product"}],"replies":[{"embeddable":true,"href":"https:\/\/cacmultimarca.com\/index.php\/wp-json\/wp\/v2\/comments?post=855"}],"wp:featuredmedia":[{"embeddable":true,"href":"https:\/\/cacmultimarca.com\/index.php\/wp-json\/wp\/v2\/media\/856"}],"wp:attachment":[{"href":"https:\/\/cacmultimarca.com\/index.php\/wp-json\/wp\/v2\/media?parent=855"}],"wp:term":[{"taxonomy":"product_brand","embeddable":true,"href":"https:\/\/cacmultimarca.com\/index.php\/wp-json\/wp\/v2\/product_brand?post=855"},{"taxonomy":"product_cat","embeddable":true,"href":"https:\/\/cacmultimarca.com\/index.php\/wp-json\/wp\/v2\/product_cat?post=855"},{"taxonomy":"product_tag","embeddable":true,"href":"https:\/\/cacmultimarca.com\/index.php\/wp-json\/wp\/v2\/product_tag?post=855"}],"curies":[{"name":"wp","href":"https:\/\/api.w.org\/{rel}","templated":true}]}}