{"id":684,"date":"2024-08-04T20:35:31","date_gmt":"2024-08-05T01:35:31","guid":{"rendered":"https:\/\/cacmultimarca.com\/?post_type=product&#038;p=684"},"modified":"2024-08-08T10:53:54","modified_gmt":"2024-08-08T15:53:54","slug":"hfc-4260k3r1-ac-11-6-cabina-alta-a5-cabezal-caja-zf-con-intarder-6x4-k7-2","status":"publish","type":"product","link":"https:\/\/cacmultimarca.com\/index.php\/producto\/hfc-4260k3r1-ac-11-6-cabina-alta-a5-cabezal-caja-zf-con-intarder-6x4-k7-2\/","title":{"rendered":"HFC 4260K3R1 AC 11.6 CABINA ALTA A5 CABEZAL CAJA ZF CON INTARDER | 6X4 (K7)"},"content":{"rendered":"<section class=\"product_tabs_ept s_tabs\">\n<div class=\"container tabs_container_main\">\n<div class=\"row s_col_no_bgcolor\">\n<div class=\"col-lg-12\">\n<div class=\"bg-white\">\n<div class=\"product-body tab-content\">\n<div id=\"nav_tabs_content_specification\" class=\"tab-pane fade o_not_editable py-3 active show\" role=\"tabpanel\" aria-labelledby=\"nav_tabs_link_specification\">\n<section id=\"product_full_spec\" class=\"container-fluid te_product_spec\">\n<div class=\"row\">\n<div id=\"product_specifications\" class=\"col-lg-12\">\n<table class=\"table table-striped table-sm table-hover\">\n<tbody>\n<tr class=\"collapse show o_ws_category_0\">\n<td>Versiones<\/td>\n<td>Diesel<\/td>\n<\/tr>\n<tr class=\"collapse show o_ws_category_0\">\n<td>Transmisi\u00f3n<\/td>\n<td>ZF 16 VEL + INTARDER MOD. 16S2531TO<\/td>\n<\/tr>\n<tr class=\"collapse show o_ws_category_0\">\n<td>Motor<\/td>\n<td>Wp13.500e301<\/td>\n<\/tr>\n<tr class=\"collapse show o_ws_category_0\">\n<td>Potencia M\u00e1xima<\/td>\n<td>500 \/ 1900<\/td>\n<\/tr>\n<tr class=\"collapse show o_ws_category_0\">\n<td>Capacidad Arrastre<\/td>\n<td>49 TON<\/td>\n<\/tr>\n<tr class=\"collapse show o_ws_category_0\">\n<td>Torque Max: (ISO Bruto) Kg-m\/RPM<\/td>\n<td>2400\/ 950 \u2013 1400<\/td>\n<\/tr>\n<tr class=\"collapse show o_ws_category_0\">\n<td>Sistema de Freno<\/td>\n<td>Actuaci\u00f3n neum\u00e1tica sobre las ruedas traseras<\/td>\n<\/tr>\n<tr class=\"collapse show o_ws_category_0\">\n<td>Capacidad del tanque de combustible:<\/td>\n<td>186 gls<\/td>\n<\/tr>\n<tr class=\"collapse show o_ws_category_0\">\n<td>Sistema de freno adicional<\/td>\n<td>Freno a las v\u00e1lvulas EVV + Retardador ZF 100% Alemana<\/td>\n<\/tr>\n<tr class=\"collapse show o_ws_category_0\">\n<td>Suspensi\u00f3n Delantera<\/td>\n<td>Muelles de hoja, amortiguadores, barra estabilizadora<\/td>\n<\/tr>\n<tr class=\"collapse show o_ws_category_0\">\n<td>Suspensi\u00f3n Trasera<\/td>\n<td>MERITOR de paquetes<\/td>\n<\/tr>\n<\/tbody>\n<\/table>\n<\/div>\n<\/div>\n<\/section>\n<\/div>\n<\/div>\n<\/div>\n<\/div>\n<\/div>\n<\/div>\n<\/section>\n<div class=\"relative_position_cart\"><\/div>\n","protected":false},"excerpt":{"rendered":"<p>Versiones Diesel Transmisi\u00f3n ZF 16 VEL + INTARDER MOD. 16S2531TO Motor Wp13.500e301 Potencia M\u00e1xima 500 \/ 1900 Capacidad Arrastre 49 TON Torque Max: (ISO Bruto) Kg-m\/RPM 2400\/ 950 \u2013 1400 Sistema de Freno Actuaci\u00f3n neum\u00e1tica sobre las ruedas traseras Capacidad del tanque de combustible: 186 gls Sistema de freno adicional Freno a las v\u00e1lvulas EVV [&hellip;]<\/p>\n","protected":false},"featured_media":685,"comment_status":"open","ping_status":"closed","template":"","meta":{"_joinchat":[]},"product_brand":[],"product_cat":[25,35],"product_tag":[],"class_list":{"0":"post-684","1":"product","2":"type-product","3":"status-publish","4":"has-post-thumbnail","6":"product_cat-jacmotors","7":"product_cat-pesada","9":"first","10":"instock","11":"shipping-taxable","12":"purchasable","13":"product-type-simple"},"jetpack_sharing_enabled":true,"_links":{"self":[{"href":"https:\/\/cacmultimarca.com\/index.php\/wp-json\/wp\/v2\/product\/684"}],"collection":[{"href":"https:\/\/cacmultimarca.com\/index.php\/wp-json\/wp\/v2\/product"}],"about":[{"href":"https:\/\/cacmultimarca.com\/index.php\/wp-json\/wp\/v2\/types\/product"}],"replies":[{"embeddable":true,"href":"https:\/\/cacmultimarca.com\/index.php\/wp-json\/wp\/v2\/comments?post=684"}],"wp:featuredmedia":[{"embeddable":true,"href":"https:\/\/cacmultimarca.com\/index.php\/wp-json\/wp\/v2\/media\/685"}],"wp:attachment":[{"href":"https:\/\/cacmultimarca.com\/index.php\/wp-json\/wp\/v2\/media?parent=684"}],"wp:term":[{"taxonomy":"product_brand","embeddable":true,"href":"https:\/\/cacmultimarca.com\/index.php\/wp-json\/wp\/v2\/product_brand?post=684"},{"taxonomy":"product_cat","embeddable":true,"href":"https:\/\/cacmultimarca.com\/index.php\/wp-json\/wp\/v2\/product_cat?post=684"},{"taxonomy":"product_tag","embeddable":true,"href":"https:\/\/cacmultimarca.com\/index.php\/wp-json\/wp\/v2\/product_tag?post=684"}],"curies":[{"name":"wp","href":"https:\/\/api.w.org\/{rel}","templated":true}]}}