{"id":677,"date":"2024-08-04T20:25:10","date_gmt":"2024-08-05T01:25:10","guid":{"rendered":"https:\/\/cacmultimarca.com\/?post_type=product&#038;p=677"},"modified":"2024-08-08T10:55:44","modified_gmt":"2024-08-08T15:55:44","slug":"hfc-4254-k3r1t","status":"publish","type":"product","link":"https:\/\/cacmultimarca.com\/index.php\/producto\/hfc-4254-k3r1t\/","title":{"rendered":"HFC 4254 K3R1T"},"content":{"rendered":"<table class=\"table table-striped table-sm table-hover\">\n<tbody>\n<tr class=\"collapse show o_ws_category_0\">\n<td>Versiones<\/td>\n<td>Diesel<\/td>\n<\/tr>\n<tr class=\"collapse show o_ws_category_0\">\n<td>Transmisi\u00f3n<\/td>\n<td>FULLER 16 VEL 8 BAJAS 8 ALTAS DE MARTILLO<\/td>\n<\/tr>\n<tr class=\"collapse show o_ws_category_0\">\n<td>Motor<\/td>\n<td>WEICHAI WP12,430N EURO III<\/td>\n<\/tr>\n<tr class=\"collapse show o_ws_category_0\">\n<td>Potencia M\u00e1xima<\/td>\n<td>440\/1900<\/td>\n<\/tr>\n<tr class=\"collapse show o_ws_category_0\">\n<td>Capacidad Arrastre<\/td>\n<td>48 Tn<\/td>\n<\/tr>\n<tr class=\"collapse show o_ws_category_0\">\n<td>Aplicaciones<\/td>\n<td>Cabezal\/Volqueta 12 m3 Homologado<\/td>\n<\/tr>\n<tr class=\"collapse show o_ws_category_0\">\n<td>Torque Max: (ISO Bruto) Kg-m\/RPM<\/td>\n<td>210\/1000-1400<\/td>\n<\/tr>\n<tr class=\"collapse show o_ws_category_0\">\n<td>Sistema de Freno<\/td>\n<td>100% Aire Auto Ajustable de doble circuito + ABS+ASR + ahogador mariposa al escape<\/td>\n<\/tr>\n<tr class=\"collapse show o_ws_category_0\">\n<td>Capacidad del tanque de combustible:<\/td>\n<td>132,27 gls.<\/td>\n<\/tr>\n<tr class=\"collapse show o_ws_category_0\">\n<td>Sistema de direcci\u00f3n<\/td>\n<td>Hidr\u00e1ulica de Potencia ZF Alemana<\/td>\n<\/tr>\n<tr class=\"collapse show o_ws_category_0\">\n<td>Suspensi\u00f3n Delantera<\/td>\n<td>Ballestas Parab\u00f3lica eje R\u00edgido, Cap. Eje 6500Kg.<\/td>\n<\/tr>\n<tr class=\"collapse show o_ws_category_0\">\n<td>Suspensi\u00f3n Trasera<\/td>\n<td>Ballesta parab\u00f3lica eje R\u00edgido, Tecnolog\u00eda BENZ Cap. Eje 20000Kg.<\/td>\n<\/tr>\n<tr class=\"collapse show o_ws_category_0\">\n<td>Eje Trasero<\/td>\n<td>De Tandem Totalmente Flotante BENZ 20 Ton + barras estabilizadora posterior<\/td>\n<\/tr>\n<\/tbody>\n<\/table>\n","protected":false},"excerpt":{"rendered":"<p>Versiones Diesel Transmisi\u00f3n FULLER 16 VEL 8 BAJAS 8 ALTAS DE MARTILLO Motor WEICHAI WP12,430N EURO III Potencia M\u00e1xima 440\/1900 Capacidad Arrastre 48 Tn Aplicaciones Cabezal\/Volqueta 12 m3 Homologado Torque Max: (ISO Bruto) Kg-m\/RPM 210\/1000-1400 Sistema de Freno 100% Aire Auto Ajustable de doble circuito + ABS+ASR + ahogador mariposa al escape Capacidad del tanque [&hellip;]<\/p>\n","protected":false},"featured_media":678,"comment_status":"open","ping_status":"closed","template":"","meta":{"_joinchat":[]},"product_brand":[],"product_cat":[25,35],"product_tag":[],"class_list":{"0":"post-677","1":"product","2":"type-product","3":"status-publish","4":"has-post-thumbnail","6":"product_cat-jacmotors","7":"product_cat-pesada","9":"first","10":"instock","11":"shipping-taxable","12":"purchasable","13":"product-type-simple"},"jetpack_sharing_enabled":true,"_links":{"self":[{"href":"https:\/\/cacmultimarca.com\/index.php\/wp-json\/wp\/v2\/product\/677"}],"collection":[{"href":"https:\/\/cacmultimarca.com\/index.php\/wp-json\/wp\/v2\/product"}],"about":[{"href":"https:\/\/cacmultimarca.com\/index.php\/wp-json\/wp\/v2\/types\/product"}],"replies":[{"embeddable":true,"href":"https:\/\/cacmultimarca.com\/index.php\/wp-json\/wp\/v2\/comments?post=677"}],"wp:featuredmedia":[{"embeddable":true,"href":"https:\/\/cacmultimarca.com\/index.php\/wp-json\/wp\/v2\/media\/678"}],"wp:attachment":[{"href":"https:\/\/cacmultimarca.com\/index.php\/wp-json\/wp\/v2\/media?parent=677"}],"wp:term":[{"taxonomy":"product_brand","embeddable":true,"href":"https:\/\/cacmultimarca.com\/index.php\/wp-json\/wp\/v2\/product_brand?post=677"},{"taxonomy":"product_cat","embeddable":true,"href":"https:\/\/cacmultimarca.com\/index.php\/wp-json\/wp\/v2\/product_cat?post=677"},{"taxonomy":"product_tag","embeddable":true,"href":"https:\/\/cacmultimarca.com\/index.php\/wp-json\/wp\/v2\/product_tag?post=677"}],"curies":[{"name":"wp","href":"https:\/\/api.w.org\/{rel}","templated":true}]}}