{"id":675,"date":"2024-08-04T20:22:37","date_gmt":"2024-08-05T01:22:37","guid":{"rendered":"https:\/\/cacmultimarca.com\/?post_type=product&#038;p=675"},"modified":"2024-08-08T10:56:13","modified_gmt":"2024-08-08T15:56:13","slug":"hfc-4250-k3r1-cabina-baja-a5-340-hp","status":"publish","type":"product","link":"https:\/\/cacmultimarca.com\/index.php\/producto\/hfc-4250-k3r1-cabina-baja-a5-340-hp\/","title":{"rendered":"HFC 4250 K3R1 CABINA BAJA A5 340 HP"},"content":{"rendered":"<table class=\"table table-striped table-sm table-hover\">\n<tbody>\n<tr class=\"collapse show o_ws_category_0\">\n<td>Versiones<\/td>\n<td>Diesel<\/td>\n<\/tr>\n<tr class=\"collapse show o_ws_category_0\">\n<td>Transmisi\u00f3n<\/td>\n<td>FULLER 12 VEL.<\/td>\n<\/tr>\n<tr class=\"collapse show o_ws_category_0\">\n<td>Motor<\/td>\n<td>WEICHAI POWER WP10340 E32 EURO III<\/td>\n<\/tr>\n<tr class=\"collapse show o_ws_category_0\">\n<td>Potencia Max:(ISO Bruto) HP\/RPM:<\/td>\n<td>340\/2200<\/td>\n<\/tr>\n<tr class=\"collapse show o_ws_category_0\">\n<td>Capacidad Arrastre<\/td>\n<td>42 Tn<\/td>\n<\/tr>\n<tr class=\"collapse show o_ws_category_0\">\n<td>Torque Max: (ISO Bruto) Kg-m\/RPM<\/td>\n<td>137,7\/1200-1600<\/td>\n<\/tr>\n<tr class=\"collapse show o_ws_category_0\">\n<td>Sistema de Freno<\/td>\n<td>100% Aire Auto Ajustable de doble circuito + ABS<\/td>\n<\/tr>\n<tr class=\"collapse show o_ws_category_0\">\n<td>Capacidad del tanque de combustible:<\/td>\n<td>105,82 gls. Aluminio<\/td>\n<\/tr>\n<tr class=\"collapse show o_ws_category_0\">\n<td>Sistema de direcci\u00f3n<\/td>\n<td>Hidr\u00e1ulica de Potencia caja de direcci\u00f3n ZF<\/td>\n<\/tr>\n<tr class=\"collapse show o_ws_category_0\">\n<td>Suspensi\u00f3n Delantera<\/td>\n<td>Ballestas Parab\u00f3lica eje R\u00edgido, Cap. Eje 6500Kg.<\/td>\n<\/tr>\n<tr class=\"collapse show o_ws_category_0\">\n<td>Suspensi\u00f3n Trasera<\/td>\n<td>Ballesta parab\u00f3lica eje R\u00edgido, Tecnolog\u00eda BENZ Cap. Eje 20000Kg.<\/td>\n<\/tr>\n<tr class=\"collapse show o_ws_category_0\">\n<td>Eje Trasero<\/td>\n<td>De Tandem Totalmente Flotante BENZ 20 Ton.<\/td>\n<\/tr>\n<\/tbody>\n<\/table>\n","protected":false},"excerpt":{"rendered":"<p>Versiones Diesel Transmisi\u00f3n FULLER 12 VEL. Motor WEICHAI POWER WP10340 E32 EURO III Potencia Max:(ISO Bruto) HP\/RPM: 340\/2200 Capacidad Arrastre 42 Tn Torque Max: (ISO Bruto) Kg-m\/RPM 137,7\/1200-1600 Sistema de Freno 100% Aire Auto Ajustable de doble circuito + ABS Capacidad del tanque de combustible: 105,82 gls. Aluminio Sistema de direcci\u00f3n Hidr\u00e1ulica de Potencia caja [&hellip;]<\/p>\n","protected":false},"featured_media":676,"comment_status":"open","ping_status":"closed","template":"","meta":{"_joinchat":[]},"product_brand":[],"product_cat":[25,35],"product_tag":[],"class_list":{"0":"post-675","1":"product","2":"type-product","3":"status-publish","4":"has-post-thumbnail","6":"product_cat-jacmotors","7":"product_cat-pesada","9":"first","10":"instock","11":"shipping-taxable","12":"purchasable","13":"product-type-simple"},"jetpack_sharing_enabled":true,"_links":{"self":[{"href":"https:\/\/cacmultimarca.com\/index.php\/wp-json\/wp\/v2\/product\/675"}],"collection":[{"href":"https:\/\/cacmultimarca.com\/index.php\/wp-json\/wp\/v2\/product"}],"about":[{"href":"https:\/\/cacmultimarca.com\/index.php\/wp-json\/wp\/v2\/types\/product"}],"replies":[{"embeddable":true,"href":"https:\/\/cacmultimarca.com\/index.php\/wp-json\/wp\/v2\/comments?post=675"}],"wp:featuredmedia":[{"embeddable":true,"href":"https:\/\/cacmultimarca.com\/index.php\/wp-json\/wp\/v2\/media\/676"}],"wp:attachment":[{"href":"https:\/\/cacmultimarca.com\/index.php\/wp-json\/wp\/v2\/media?parent=675"}],"wp:term":[{"taxonomy":"product_brand","embeddable":true,"href":"https:\/\/cacmultimarca.com\/index.php\/wp-json\/wp\/v2\/product_brand?post=675"},{"taxonomy":"product_cat","embeddable":true,"href":"https:\/\/cacmultimarca.com\/index.php\/wp-json\/wp\/v2\/product_cat?post=675"},{"taxonomy":"product_tag","embeddable":true,"href":"https:\/\/cacmultimarca.com\/index.php\/wp-json\/wp\/v2\/product_tag?post=675"}],"curies":[{"name":"wp","href":"https:\/\/api.w.org\/{rel}","templated":true}]}}