{"id":653,"date":"2024-08-04T19:35:36","date_gmt":"2024-08-05T00:35:36","guid":{"rendered":"https:\/\/cacmultimarca.com\/?post_type=product&#038;p=653"},"modified":"2024-08-08T11:01:50","modified_gmt":"2024-08-08T16:01:50","slug":"n75-ev-electrico","status":"publish","type":"product","link":"https:\/\/cacmultimarca.com\/index.php\/producto\/n75-ev-electrico\/","title":{"rendered":"N75 EV El\u00e9ctrico"},"content":{"rendered":"<h2 class=\"font-[700] text-[24px]\">Descripci\u00f3n<\/h2>\n<div class=\"text-[16px]\">El JAC N75 es 100% el\u00e9ctrico, sin emisiones, transporte 100% limpio que reduce tu huella de carbono. Con capacidad de carga 6.190Kg.<\/div>\n<div><\/div>\n<div>\n<div class=\"flex justify-between\">\n<h3 class=\"text-[15px] font-semibold uppercase\" data-gtm-vis-recent-on-screen8618980_137=\"1538\" data-gtm-vis-first-on-screen8618980_137=\"1538\" data-gtm-vis-total-visible-time8618980_137=\"100\" data-gtm-vis-has-fired8618980_137=\"1\">Bater\u00edas<\/h3>\n<div class=\"flex items-center gap-4 cursor-pointer\"><\/div>\n<\/div>\n<div class=\"\">\n<table class=\"specs-table w-full\">\n<tbody>\n<tr class=\"row \">\n<td scope=\"row\" align=\"left\">Tipo (Simples)<\/td>\n<td align=\"right\">4 x Pack L173TB2<\/td>\n<\/tr>\n<tr class=\"row bg-[#EDEDED]\">\n<td scope=\"row\" align=\"left\">Material<\/td>\n<td align=\"right\">Litio &#8211; Ferrofosfato<\/td>\n<\/tr>\n<tr class=\"row \">\n<td scope=\"row\" align=\"left\">Norma<\/td>\n<td align=\"right\">ECE R 100<\/td>\n<\/tr>\n<tr class=\"row bg-[#EDEDED]\">\n<td scope=\"row\" align=\"left\">Capacidad nominal (Ah)<\/td>\n<td align=\"right\">173<\/td>\n<\/tr>\n<tr class=\"row \">\n<td scope=\"row\" align=\"left\">Rango de Voltaje (V)<\/td>\n<td align=\"right\">430 ~ 618.24 ~ 708 V<\/td>\n<\/tr>\n<tr class=\"row bg-[#EDEDED]\">\n<td scope=\"row\" align=\"left\">Modelo de enchufe de carga<\/td>\n<td align=\"right\">CCS2<\/td>\n<\/tr>\n<tr class=\"row \">\n<td scope=\"row\" align=\"left\">Est\u00e1ndar<\/td>\n<td align=\"right\">IEC 62196-3<\/td>\n<\/tr>\n<tr class=\"row bg-[#EDEDED]\">\n<td scope=\"row\" align=\"left\">Tipo de enchufe de carga<\/td>\n<td align=\"right\">AC &#8211; DC Integrados<\/td>\n<\/tr>\n<tr class=\"row \">\n<td scope=\"row\" align=\"left\">Tiempo de carga DC (SOC 20% &#8211; 100%) (hrs.)<\/td>\n<td align=\"right\">1.5<\/td>\n<\/tr>\n<tr class=\"row bg-[#EDEDED]\">\n<td scope=\"row\" align=\"left\">Tiempo de carga AC (SOC 20% &#8211; 100%) (hrs.)<\/td>\n<td align=\"right\">12<\/td>\n<\/tr>\n<tr class=\"row \">\n<td scope=\"row\" align=\"left\">Garant\u00eda Bater\u00edas<\/td>\n<td align=\"right\">5 A\u00f1os o 200.000 kms<\/td>\n<\/tr>\n<\/tbody>\n<\/table>\n<\/div>\n<div class=\"flex justify-between\">\n<h3 class=\"text-[15px] font-semibold uppercase\" data-gtm-vis-recent-on-screen8618980_137=\"1540\" data-gtm-vis-first-on-screen8618980_137=\"1540\" data-gtm-vis-total-visible-time8618980_137=\"100\" data-gtm-vis-has-fired8618980_137=\"1\">Capacidades<\/h3>\n<div class=\"flex items-center gap-4 cursor-pointer\"><\/div>\n<\/div>\n<div class=\"\">\n<table class=\"specs-table w-full\">\n<tbody>\n<tr class=\"row \">\n<td scope=\"row\" align=\"left\">Peso Bruto Vehicular (Kg.)<\/td>\n<td align=\"right\">9.500<\/td>\n<\/tr>\n<tr class=\"row bg-[#EDEDED]\">\n<td scope=\"row\" align=\"left\">Tara (Kg)<\/td>\n<td align=\"right\">3.310<\/td>\n<\/tr>\n<tr class=\"row \">\n<td scope=\"row\" align=\"left\">Carga \u00datil (Kg)<\/td>\n<td align=\"right\">6.190<\/td>\n<\/tr>\n<\/tbody>\n<\/table>\n<\/div>\n<\/div>\n<div class=\"flex justify-between\">\n<h3 class=\"text-[15px] font-semibold uppercase\" data-gtm-vis-recent-on-screen8618980_137=\"1541\" data-gtm-vis-first-on-screen8618980_137=\"1541\" data-gtm-vis-total-visible-time8618980_137=\"100\" data-gtm-vis-has-fired8618980_137=\"1\">Dimensiones<\/h3>\n<div class=\"flex items-center gap-4 cursor-pointer\"><\/div>\n<\/div>\n<div class=\"\">\n<table class=\"specs-table w-full\">\n<tbody>\n<tr class=\"row \">\n<td scope=\"row\" align=\"left\">Largo Total (mm)<\/td>\n<td align=\"right\">7.025<\/td>\n<\/tr>\n<tr class=\"row bg-[#EDEDED]\">\n<td scope=\"row\" align=\"left\">Ancho Total (mm)<\/td>\n<td align=\"right\">2.105<\/td>\n<\/tr>\n<tr class=\"row \">\n<td scope=\"row\" align=\"left\">Altura Total (mm)<\/td>\n<td align=\"right\">2.323<\/td>\n<\/tr>\n<tr class=\"row bg-[#EDEDED]\">\n<td scope=\"row\" align=\"left\">Largo Carrozable (mm)<\/td>\n<td align=\"right\">5.260<\/td>\n<\/tr>\n<tr class=\"row \">\n<td scope=\"row\" align=\"left\">Largo carrozable en chas\u00eds (mm)<\/td>\n<td align=\"right\">5.260<\/td>\n<\/tr>\n<tr class=\"row bg-[#EDEDED]\">\n<td scope=\"row\" align=\"left\">Dimensiones Chasis (mm)<\/td>\n<td align=\"right\">214 x 70 x 5<\/td>\n<\/tr>\n<tr class=\"row \">\n<td scope=\"row\" align=\"left\">Ancho de Chas\u00eds (mm)<\/td>\n<td align=\"right\">740<\/td>\n<\/tr>\n<tr class=\"row bg-[#EDEDED]\">\n<td scope=\"row\" align=\"left\">Distancia entre ejes (mm)<\/td>\n<td align=\"right\">3.845<\/td>\n<\/tr>\n<\/tbody>\n<\/table>\n<\/div>\n<div class=\"flex justify-between\">\n<h3 class=\"text-[15px] font-semibold uppercase\" data-gtm-vis-recent-on-screen8618980_137=\"1543\" data-gtm-vis-first-on-screen8618980_137=\"1543\" data-gtm-vis-total-visible-time8618980_137=\"100\" data-gtm-vis-has-fired8618980_137=\"1\">Frenos y neum\u00e1ticos<\/h3>\n<div class=\"flex items-center gap-4 cursor-pointer\"><\/div>\n<\/div>\n<div class=\"\">\n<table class=\"specs-table w-full\">\n<tbody>\n<tr class=\"row \">\n<td scope=\"row\" align=\"left\">Frenos de servicio<\/td>\n<td align=\"right\">Doble Circuito Aire \/ Disco &#8211; Tambor + ABS + EBS<\/td>\n<\/tr>\n<tr class=\"row bg-[#EDEDED]\">\n<td scope=\"row\" align=\"left\">Estacionamiento<\/td>\n<td align=\"right\">Cilindro freno resorte c\u00e1mara doble MGM<\/td>\n<\/tr>\n<tr class=\"row \">\n<td scope=\"row\" align=\"left\">Auxiliar<\/td>\n<td align=\"right\">Freno regenerativo<\/td>\n<\/tr>\n<tr class=\"row bg-[#EDEDED]\">\n<td scope=\"row\" align=\"left\">Neumaticos<\/td>\n<td align=\"right\">215 \/ 75 R 17.5<\/td>\n<\/tr>\n<\/tbody>\n<\/table>\n<\/div>\n<div class=\"flex justify-between\">\n<h3 class=\"text-[15px] font-semibold uppercase\" data-gtm-vis-recent-on-screen8618980_137=\"1545\" data-gtm-vis-first-on-screen8618980_137=\"1545\" data-gtm-vis-total-visible-time8618980_137=\"100\" data-gtm-vis-has-fired8618980_137=\"1\">Generalidades<\/h3>\n<div class=\"flex items-center gap-4 cursor-pointer\"><\/div>\n<\/div>\n<div class=\"\">\n<table class=\"specs-table w-full\">\n<tbody>\n<tr class=\"row \">\n<td scope=\"row\" align=\"left\">Cero emisi\u00f3n<\/td>\n<td align=\"right\">Si<\/td>\n<\/tr>\n<tr class=\"row bg-[#EDEDED]\">\n<td scope=\"row\" align=\"left\">Garant\u00eda<\/td>\n<td align=\"right\">5 a\u00f1os o 150.000 km. Lo que se cumpla primero<\/td>\n<\/tr>\n<\/tbody>\n<\/table>\n<\/div>\n<div class=\"flex justify-between\">\n<h3 class=\"text-[15px] font-semibold uppercase\" data-gtm-vis-first-on-screen8618980_137=\"1548\" data-gtm-vis-recent-on-screen8618980_137=\"52504\" data-gtm-vis-total-visible-time8618980_137=\"100\" data-gtm-vis-has-fired8618980_137=\"1\">Motor<\/h3>\n<div class=\"flex items-center gap-4 cursor-pointer\"><\/div>\n<\/div>\n<div class=\"\">\n<table class=\"specs-table w-full\">\n<tbody>\n<tr class=\"row \">\n<td scope=\"row\" align=\"left\">Modelo<\/td>\n<td align=\"right\">TZ365XSC08<\/td>\n<\/tr>\n<tr class=\"row bg-[#EDEDED]\">\n<td scope=\"row\" align=\"left\">Potencia nominal (kw)<\/td>\n<td align=\"right\">90<\/td>\n<\/tr>\n<tr class=\"row \">\n<td scope=\"row\" align=\"left\">Torque nominal (Nm)<\/td>\n<td align=\"right\">500<\/td>\n<\/tr>\n<tr class=\"row bg-[#EDEDED]\">\n<td scope=\"row\" align=\"left\">Torque m\u00e1ximo (Nm)<\/td>\n<td align=\"right\">1.050<\/td>\n<\/tr>\n<tr class=\"row \">\n<td scope=\"row\" align=\"left\">Velocidad nominal motor (rpm)<\/td>\n<td align=\"right\">1.500<\/td>\n<\/tr>\n<tr class=\"row bg-[#EDEDED]\">\n<td scope=\"row\" align=\"left\">Velocidad m\u00e1xima motor (rpm)<\/td>\n<td align=\"right\">3.500<\/td>\n<\/tr>\n<tr class=\"row \">\n<td scope=\"row\" align=\"left\">Potencia m\u00e1xima (kw)<\/td>\n<td align=\"right\">171<\/td>\n<\/tr>\n<\/tbody>\n<\/table>\n<\/div>\n<div class=\"flex justify-between\">\n<h3 class=\"text-[15px] font-semibold uppercase\" data-gtm-vis-first-on-screen8618980_137=\"1549\" data-gtm-vis-recent-on-screen8618980_137=\"52543\" data-gtm-vis-total-visible-time8618980_137=\"100\" data-gtm-vis-has-fired8618980_137=\"1\">Rendimiento<\/h3>\n<div class=\"flex items-center gap-4 cursor-pointer\"><\/div>\n<\/div>\n<div class=\"\">\n<table class=\"specs-table w-full\">\n<tbody>\n<tr class=\"row \">\n<td scope=\"row\" align=\"left\">Rendimiento promedio C &#8211; WTVC (Km)<\/td>\n<td align=\"right\">178<\/td>\n<\/tr>\n<tr class=\"row bg-[#EDEDED]\">\n<td scope=\"row\" align=\"left\">Promedio de consumo de energ\u00eda NEDC 40km\/Hr<\/td>\n<td align=\"right\">0.307 kWh \/ km<\/td>\n<\/tr>\n<tr class=\"row \">\n<td scope=\"row\" align=\"left\">Dispositivo Modo ECO<\/td>\n<td align=\"right\">Limitador de Torque<\/td>\n<\/tr>\n<tr class=\"row bg-[#EDEDED]\">\n<td scope=\"row\" align=\"left\">Radio de giro (m)<\/td>\n<td align=\"right\">7.5<\/td>\n<\/tr>\n<tr class=\"row \">\n<td scope=\"row\" align=\"left\">Pendiente m\u00e1xima superable<\/td>\n<td align=\"right\">30%<\/td>\n<\/tr>\n<tr class=\"row bg-[#EDEDED]\">\n<td scope=\"row\" align=\"left\">Velocidad m\u00e1xima (Km\/hr.)<\/td>\n<td align=\"right\">90<\/td>\n<\/tr>\n<\/tbody>\n<\/table>\n<\/div>\n","protected":false},"excerpt":{"rendered":"<p>Descripci\u00f3n El JAC N75 es 100% el\u00e9ctrico, sin emisiones, transporte 100% limpio que reduce tu huella de carbono. Con capacidad de carga 6.190Kg. Bater\u00edas Tipo (Simples) 4 x Pack L173TB2 Material Litio &#8211; Ferrofosfato Norma ECE R 100 Capacidad nominal (Ah) 173 Rango de Voltaje (V) 430 ~ 618.24 ~ 708 V Modelo de enchufe [&hellip;]<\/p>\n","protected":false},"featured_media":654,"comment_status":"open","ping_status":"closed","template":"","meta":{"_joinchat":[]},"product_brand":[],"product_cat":[25,38],"product_tag":[],"class_list":{"0":"post-653","1":"product","2":"type-product","3":"status-publish","4":"has-post-thumbnail","6":"product_cat-jacmotors","7":"product_cat-livianacamiones","9":"first","10":"instock","11":"shipping-taxable","12":"purchasable","13":"product-type-simple"},"jetpack_sharing_enabled":true,"_links":{"self":[{"href":"https:\/\/cacmultimarca.com\/index.php\/wp-json\/wp\/v2\/product\/653"}],"collection":[{"href":"https:\/\/cacmultimarca.com\/index.php\/wp-json\/wp\/v2\/product"}],"about":[{"href":"https:\/\/cacmultimarca.com\/index.php\/wp-json\/wp\/v2\/types\/product"}],"replies":[{"embeddable":true,"href":"https:\/\/cacmultimarca.com\/index.php\/wp-json\/wp\/v2\/comments?post=653"}],"wp:featuredmedia":[{"embeddable":true,"href":"https:\/\/cacmultimarca.com\/index.php\/wp-json\/wp\/v2\/media\/654"}],"wp:attachment":[{"href":"https:\/\/cacmultimarca.com\/index.php\/wp-json\/wp\/v2\/media?parent=653"}],"wp:term":[{"taxonomy":"product_brand","embeddable":true,"href":"https:\/\/cacmultimarca.com\/index.php\/wp-json\/wp\/v2\/product_brand?post=653"},{"taxonomy":"product_cat","embeddable":true,"href":"https:\/\/cacmultimarca.com\/index.php\/wp-json\/wp\/v2\/product_cat?post=653"},{"taxonomy":"product_tag","embeddable":true,"href":"https:\/\/cacmultimarca.com\/index.php\/wp-json\/wp\/v2\/product_tag?post=653"}],"curies":[{"name":"wp","href":"https:\/\/api.w.org\/{rel}","templated":true}]}}