{"id":650,"date":"2024-08-01T17:36:30","date_gmt":"2024-08-01T22:36:30","guid":{"rendered":"https:\/\/cacmultimarca.com\/?post_type=product&#038;p=650"},"modified":"2024-08-08T11:01:57","modified_gmt":"2024-08-08T16:01:57","slug":"hfc-1037e2-n55-camion-electrico","status":"publish","type":"product","link":"https:\/\/cacmultimarca.com\/index.php\/producto\/hfc-1037e2-n55-camion-electrico\/","title":{"rendered":"HFC 1037E2 N55 CAMION ELECTRICO"},"content":{"rendered":"<ul>\n<li class=\"desplegable active\"><a>Capacidad y Peso<\/a>\n<ul>\n<li><span class=\"titu-item\">Peso Bruto<\/span><span class=\"item-truck\"><span class=\"bold\">5,500 Kg<\/span><\/span><\/li>\n<li><span class=\"titu-item\">Distancias Entre Ejes<\/span><span class=\"item-truck\"><span class=\"bold\">3,365 mm<\/span><\/span><\/li>\n<li><span class=\"titu-item\">Carga \u00datil<\/span><span class=\"item-truck\"><span class=\"bold\">2,150 Kg<\/span><\/span><\/li>\n<\/ul>\n<\/li>\n<\/ul>\n<ul>\n<li><span class=\"titu-item\">Largo Total<\/span><span class=\"item-truck\"><span class=\"bold\">5,995 mm<\/span><\/span><\/li>\n<li><span class=\"titu-item\">Ancho Total<\/span><span class=\"item-truck\"><span class=\"bold\">2,160 mm<\/span><\/span><\/li>\n<li><span class=\"titu-item\">Altura Total<\/span><span class=\"item-truck\"><span class=\"bold\">2,323 mm<\/span><\/span><\/li>\n<\/ul>\n<ul>\n<li><span class=\"titu-item\">Tipo Motor<\/span><span class=\"item-truck\"><span class=\"bold\">TZ368XSM726F<\/span><\/span><\/li>\n<li><span class=\"titu-item\">Torque M\u00e1xino<\/span><span class=\"item-truck\"><span class=\"bold\">1200 Nm<\/span><\/span><\/li>\n<li><span class=\"titu-item\">Potencia M\u00e1xima<\/span><\/li>\n<\/ul>\n<ul>\n<li><span class=\"titu-item\">Voltaje<\/span><span class=\"item-truck\"><span class=\"bold\">512,2 V<\/span><\/span><\/li>\n<li><span class=\"titu-item\">Bater\u00eda<\/span><span class=\"item-truck\"><span class=\"bold\">Litio<\/span><\/span><\/li>\n<\/ul>\n","protected":false},"excerpt":{"rendered":"<p>Capacidad y Peso Peso Bruto5,500 Kg Distancias Entre Ejes3,365 mm Carga \u00datil2,150 Kg Largo Total5,995 mm Ancho Total2,160 mm Altura Total2,323 mm Tipo MotorTZ368XSM726F Torque M\u00e1xino1200 Nm Potencia M\u00e1xima Voltaje512,2 V Bater\u00edaLitio<\/p>\n","protected":false},"featured_media":651,"comment_status":"open","ping_status":"closed","template":"","meta":{"_joinchat":[]},"product_brand":[],"product_cat":[25,38],"product_tag":[],"class_list":{"0":"post-650","1":"product","2":"type-product","3":"status-publish","4":"has-post-thumbnail","6":"product_cat-jacmotors","7":"product_cat-livianacamiones","9":"first","10":"instock","11":"shipping-taxable","12":"purchasable","13":"product-type-simple"},"jetpack_sharing_enabled":true,"_links":{"self":[{"href":"https:\/\/cacmultimarca.com\/index.php\/wp-json\/wp\/v2\/product\/650"}],"collection":[{"href":"https:\/\/cacmultimarca.com\/index.php\/wp-json\/wp\/v2\/product"}],"about":[{"href":"https:\/\/cacmultimarca.com\/index.php\/wp-json\/wp\/v2\/types\/product"}],"replies":[{"embeddable":true,"href":"https:\/\/cacmultimarca.com\/index.php\/wp-json\/wp\/v2\/comments?post=650"}],"wp:featuredmedia":[{"embeddable":true,"href":"https:\/\/cacmultimarca.com\/index.php\/wp-json\/wp\/v2\/media\/651"}],"wp:attachment":[{"href":"https:\/\/cacmultimarca.com\/index.php\/wp-json\/wp\/v2\/media?parent=650"}],"wp:term":[{"taxonomy":"product_brand","embeddable":true,"href":"https:\/\/cacmultimarca.com\/index.php\/wp-json\/wp\/v2\/product_brand?post=650"},{"taxonomy":"product_cat","embeddable":true,"href":"https:\/\/cacmultimarca.com\/index.php\/wp-json\/wp\/v2\/product_cat?post=650"},{"taxonomy":"product_tag","embeddable":true,"href":"https:\/\/cacmultimarca.com\/index.php\/wp-json\/wp\/v2\/product_tag?post=650"}],"curies":[{"name":"wp","href":"https:\/\/api.w.org\/{rel}","templated":true}]}}