{"id":635,"date":"2024-07-30T16:42:09","date_gmt":"2024-07-30T21:42:09","guid":{"rendered":"https:\/\/cacmultimarca.com\/?post_type=product&#038;p=635"},"modified":"2024-08-08T11:04:15","modified_gmt":"2024-08-08T16:04:15","slug":"hfc1040k2-a-c-balde-hhfc4da1-1-2024-92","status":"publish","type":"product","link":"https:\/\/cacmultimarca.com\/index.php\/producto\/hfc1040k2-a-c-balde-hhfc4da1-1-2024-92\/","title":{"rendered":"HFC1040K2 A\/C + BALDE | HHFC4DA1-1 2024 92"},"content":{"rendered":"<p>ESPECIFICACIONES<\/p>\n<ul>\n<li>Modelo:<\/li>\n<\/ul>\n<p>HFC 1040KR<\/p>\n<ul>\n<li>Tipo:<\/li>\n<\/ul>\n<p>4 cilindros Turbo Intercooler<\/p>\n<p>MOTOR Y REFRIGERACION<\/p>\n<ul>\n<li>Cilindraje:<\/li>\n<\/ul>\n<p>2.771 cc<\/p>\n<ul>\n<li>Potencia m\u00e1xima:<\/li>\n<\/ul>\n<p>92 HP a 3600 RPM<\/p>\n<ul>\n<li>Torque m\u00e1ximo:<\/li>\n<\/ul>\n<p>21 Kg-m a 2300 RPM<\/p>\n<p>Sistema de Lubricaci\u00f3n:<\/p>\n<p>Tipo Flujo Total, Bomba de aceite, Filtro de aceite, Enfriador<\/p>\n<ul>\n<li>Sistema de Enfriamiento:<\/li>\n<\/ul>\n<p>Radiador, Ventilador y Bomba de agua<\/p>\n<ul>\n<li>Sistema de Inyecci\u00f3n:<\/li>\n<\/ul>\n<p>Bomba de Inyecci\u00f3n Rotativa, Mec\u00e1nica, Filtro de Combustible, Gobernar mec\u00e1nico<\/p>\n<ul>\n<li>Relaci\u00f3n de compresi\u00f3n:<\/li>\n<\/ul>\n<p>17<\/p>\n<p>PESO<\/p>\n<ul>\n<li>Peso Bruto Vehicular:<\/li>\n<\/ul>\n<p>5740<\/p>\n<ul>\n<li>Peso Total Chasis Cabina:<\/li>\n<\/ul>\n<p>2610<\/p>\n<ul>\n<li>Capacidad de Carga:<\/li>\n<\/ul>\n<p>3490<\/p>\n<p>TRANSMISI\u00d3N<\/p>\n<ul>\n<li>Sincronizaci\u00f3n:<\/li>\n<\/ul>\n<p>1ra a 5ta<\/p>\n<p>&nbsp;<\/p>\n<ul>\n<li>Tipo:<\/li>\n<\/ul>\n<p>JAC 5 VEL. MSB-5M<\/p>\n<ul>\n<li>Embrague:<\/li>\n<\/ul>\n<p>Mono disco seco hidr\u00e1ulico<\/p>\n<ul>\n<li>Relaci\u00f3n Final del Eje:<\/li>\n<\/ul>\n<p>6.142:1\u00a0 D803<\/p>\n<p>&nbsp;<\/p>\n<p>CHASIS<\/p>\n<ul>\n<li>Frenos:<\/li>\n<\/ul>\n<p>Hidr\u00e1ulica, Asistidos por vac\u00edo doble circuito<\/p>\n<ul>\n<li>Direcci\u00f3n:<\/li>\n<\/ul>\n<p>Hidr\u00e1ulica<\/p>\n<ul>\n<li>Radio Min. De Giro:<\/li>\n<\/ul>\n<p>7 m.<\/p>\n<ul>\n<li>Tama\u00f1o de Neum\u00e1ticos:<\/li>\n<\/ul>\n<p>7.00-16 12pr<\/p>\n<ul>\n<li>Sistema El\u00e9ctrico:<\/li>\n<\/ul>\n<p>2 Bater\u00edas 12 Voltios 48 Ah\u00a0 &#8211;\u00a0 Alternador 28 Voltios 50amp<\/p>\n<ul>\n<li>Largo \u00datil del Chasis:<\/li>\n<\/ul>\n<p>4.25m<\/p>\n<ul>\n<li>Suspensi\u00f3n Delantera:<\/li>\n<\/ul>\n<p>Ballestas eje R\u00edgido, Cap. Eje 2150 Kg<\/p>\n<ul>\n<li>Suspensi\u00f3n Trasera:<\/li>\n<\/ul>\n<p>Ballestas eje R\u00edgido, Cap. Eje 3550 kg<\/p>\n<ul>\n<li>Eje Trasero:<\/li>\n<\/ul>\n<p>Totalmente Flotante<\/p>\n<ul>\n<li>Cabina:<\/li>\n<\/ul>\n<p>Sencilla Abatible (Toma de aire superior)<\/p>\n<p>&nbsp;<\/p>\n<p>&nbsp;<\/p>\n<p>&nbsp;<\/p>\n<ul>\n<li>Amortiguadores:<\/li>\n<\/ul>\n<p>Hidr\u00e1ulico de doble acci\u00f3n, Telesc\u00f3picos<\/p>\n<ul>\n<li>Capacidad de tanque:<\/li>\n<\/ul>\n<p>18.5 gls<\/p>\n<ul>\n<li>Extra:<\/li>\n<\/ul>\n<p>Radio CD \/ Aux., Aire Acondicionado Paila<\/p>\n","protected":false},"excerpt":{"rendered":"<p>ESPECIFICACIONES Modelo: HFC 1040KR Tipo: 4 cilindros Turbo Intercooler MOTOR Y REFRIGERACION Cilindraje: 2.771 cc Potencia m\u00e1xima: 92 HP a 3600 RPM Torque m\u00e1ximo: 21 Kg-m a 2300 RPM Sistema de Lubricaci\u00f3n: Tipo Flujo Total, Bomba de aceite, Filtro de aceite, Enfriador Sistema de Enfriamiento: Radiador, Ventilador y Bomba de agua Sistema de Inyecci\u00f3n: Bomba [&hellip;]<\/p>\n","protected":false},"featured_media":636,"comment_status":"open","ping_status":"closed","template":"","meta":{"_joinchat":[]},"product_brand":[],"product_cat":[25,38],"product_tag":[],"class_list":{"0":"post-635","1":"product","2":"type-product","3":"status-publish","4":"has-post-thumbnail","6":"product_cat-jacmotors","7":"product_cat-livianacamiones","9":"first","10":"instock","11":"shipping-taxable","12":"purchasable","13":"product-type-simple"},"jetpack_sharing_enabled":true,"_links":{"self":[{"href":"https:\/\/cacmultimarca.com\/index.php\/wp-json\/wp\/v2\/product\/635"}],"collection":[{"href":"https:\/\/cacmultimarca.com\/index.php\/wp-json\/wp\/v2\/product"}],"about":[{"href":"https:\/\/cacmultimarca.com\/index.php\/wp-json\/wp\/v2\/types\/product"}],"replies":[{"embeddable":true,"href":"https:\/\/cacmultimarca.com\/index.php\/wp-json\/wp\/v2\/comments?post=635"}],"wp:featuredmedia":[{"embeddable":true,"href":"https:\/\/cacmultimarca.com\/index.php\/wp-json\/wp\/v2\/media\/636"}],"wp:attachment":[{"href":"https:\/\/cacmultimarca.com\/index.php\/wp-json\/wp\/v2\/media?parent=635"}],"wp:term":[{"taxonomy":"product_brand","embeddable":true,"href":"https:\/\/cacmultimarca.com\/index.php\/wp-json\/wp\/v2\/product_brand?post=635"},{"taxonomy":"product_cat","embeddable":true,"href":"https:\/\/cacmultimarca.com\/index.php\/wp-json\/wp\/v2\/product_cat?post=635"},{"taxonomy":"product_tag","embeddable":true,"href":"https:\/\/cacmultimarca.com\/index.php\/wp-json\/wp\/v2\/product_tag?post=635"}],"curies":[{"name":"wp","href":"https:\/\/api.w.org\/{rel}","templated":true}]}}