{"id":622,"date":"2024-07-29T20:01:19","date_gmt":"2024-07-30T01:01:19","guid":{"rendered":"https:\/\/cacmultimarca.com\/?post_type=product&#038;p=622"},"modified":"2024-08-08T11:04:42","modified_gmt":"2024-08-08T16:04:42","slug":"hk-6700k4-coaster-21-pas-turismo-turismo-escolar","status":"publish","type":"product","link":"https:\/\/cacmultimarca.com\/index.php\/producto\/hk-6700k4-coaster-21-pas-turismo-turismo-escolar\/","title":{"rendered":"HK 6700K4 COASTER 21 PAS TURISMO  TURISMO &#8211; ESCOLAR"},"content":{"rendered":"<p>DISE\u00d1O DE PRIMER NIVEL<br \/>\nLleva tu familia, amigos o negocio a otro nivel en un veh\u00edculo que se adapta a tus necesidades con un dise\u00f1o concebido por un equipo de renombre internacional, y ensamblado en una planta con tecnolog\u00eda de punta con la mayor precisi\u00f3n.<br \/>\nCuenta con otros accesorios y elementos necesarios que brindan confort y seguridad como aire acondicionado, direcci\u00f3n electroasistida entre otros.<\/p>\n<p>&nbsp;<\/p>\n<div class=\"elementor-element elementor-element-9a7048e elementor-widget elementor-widget-heading animated fadeInUp\" data-id=\"9a7048e\" data-element_type=\"widget\" data-settings=\"{&quot;_animation&quot;:&quot;fadeInUp&quot;}\" data-widget_type=\"heading.default\">\n<div class=\"elementor-widget-container\">\n<h2 class=\"elementor-heading-title elementor-size-default\">Especificaciones<\/h2>\n<\/div>\n<\/div>\n<div class=\"elementor-element elementor-element-07e6e6c elementor-tabs-view-horizontal elementor-widget elementor-widget-tabs\" data-id=\"07e6e6c\" data-element_type=\"widget\" data-widget_type=\"tabs.default\">\n<div class=\"elementor-widget-container\">\n<div class=\"elementor-tabs\">\n<div class=\"elementor-tabs-wrapper\" role=\"tablist\">\n<div id=\"elementor-tab-title-8281\" class=\"elementor-tab-title elementor-tab-desktop-title elementor-active\" tabindex=\"0\" role=\"tab\" aria-selected=\"true\" data-tab=\"1\" aria-controls=\"elementor-tab-content-8281\" aria-expanded=\"true\">Motor\u00a0 \u00a0 \u00a0 \u00a0 \u00a0 \u00a0 \u00a0 \u00a0 \u00a0 \u00a0 \u00a0 \u00a0 \u00a0 Chasis\u00a0 \u00a0 \u00a0 \u00a0 \u00a0 \u00a0 \u00a0 \u00a0 \u00a0 \u00a0 \u00a0 \u00a0 \u00a0 \u00a0 \u00a0 \u00a0 \u00a0 Extras<\/div>\n<\/div>\n<div class=\"elementor-tabs-content-wrapper\" role=\"tablist\" aria-orientation=\"vertical\">\n<div id=\"elementor-tab-content-8281\" class=\"elementor-tab-content elementor-clearfix elementor-active\" tabindex=\"0\" role=\"tabpanel\" data-tab=\"1\" aria-labelledby=\"elementor-tab-title-8281\">\n<table dir=\"ltr\" style=\"height: 541px;\" border=\"1\" width=\"838\" cellspacing=\"0\" cellpadding=\"0\">\n<colgroup>\n<col width=\"100\" \/><\/colgroup>\n<tbody>\n<tr>\n<td data-sheets-value=\"{&quot;1&quot;:2,&quot;2&quot;:&quot;Modelo Cummins ISF3.8s3141&quot;}\">\n<div>\n<div>Modelo Cummins ISF3.8s3141<\/div>\n<\/div>\n<\/td>\n<\/tr>\n<tr>\n<td data-sheets-value=\"{&quot;1&quot;:2,&quot;2&quot;:&quot;Posici\u00f3n Frontal&quot;}\">Posici\u00f3n Frontal<\/td>\n<\/tr>\n<tr>\n<td data-sheets-value=\"{&quot;1&quot;:2,&quot;2&quot;:&quot;Tipo Motor a Diesel&quot;}\">\n<div>\n<div>Tipo Motor a Diesel<\/div>\n<\/div>\n<\/td>\n<\/tr>\n<tr>\n<td data-sheets-value=\"{&quot;1&quot;:2,&quot;2&quot;:&quot;Emisi\u00f3n de Gases EURO III&quot;}\">\n<div>\n<div>Emisi\u00f3n de Gases EURO III<\/div>\n<\/div>\n<\/td>\n<\/tr>\n<tr>\n<td data-sheets-value=\"{&quot;1&quot;:2,&quot;2&quot;:&quot;Desplazamiento (cc) 3,800CC&quot;}\">\n<div>\n<div>Desplazamiento (cc) 3,800CC<\/div>\n<\/div>\n<\/td>\n<\/tr>\n<tr>\n<td data-sheets-value=\"{&quot;1&quot;:2,&quot;2&quot;:&quot;Potencia Nominal (HP) 140 \/ 2600&quot;}\">\n<div>\n<div>Potencia Nominal (HP) 140 \/ 2600<\/div>\n<\/div>\n<\/td>\n<\/tr>\n<tr>\n<td data-sheets-value=\"{&quot;1&quot;:2,&quot;2&quot;:&quot;Torque M\u00e1ximo (Nm\/rpm ) 440 \/ 1200-2200&quot;}\">\n<div>\n<div>Torque M\u00e1ximo (Nm\/rpm ) 440 \/ 1200-2200<\/div>\n<\/div>\n<\/td>\n<\/tr>\n<tr>\n<td data-sheets-value=\"{&quot;1&quot;:2,&quot;2&quot;:&quot;Cilindros 4 cilindros en l\u00ednea, 4 tiempos, Refrigerado por agua, turbo, inter-cooler, controlado por ECU&quot;}\">\n<div>\n<div>Cilindros 4 cilindros en l\u00ednea, 4 tiempos, Refrigerado por agua, turbo, inter-cooler, controlado por ECU<\/div>\n<\/div>\n<\/td>\n<\/tr>\n<\/tbody>\n<\/table>\n<\/div>\n<\/div>\n<\/div>\n<\/div>\n<\/div>\n","protected":false},"excerpt":{"rendered":"<p>DISE\u00d1O DE PRIMER NIVEL Lleva tu familia, amigos o negocio a otro nivel en un veh\u00edculo que se adapta a tus necesidades con un dise\u00f1o concebido por un equipo de renombre internacional, y ensamblado en una planta con tecnolog\u00eda de punta con la mayor precisi\u00f3n. Cuenta con otros accesorios y elementos necesarios que brindan confort [&hellip;]<\/p>\n","protected":false},"featured_media":623,"comment_status":"open","ping_status":"closed","template":"","meta":{"_joinchat":[]},"product_brand":[],"product_cat":[25,38,30],"product_tag":[],"class_list":{"0":"post-622","1":"product","2":"type-product","3":"status-publish","4":"has-post-thumbnail","6":"product_cat-jacmotors","7":"product_cat-livianacamiones","8":"product_cat-vans","10":"first","11":"instock","12":"shipping-taxable","13":"purchasable","14":"product-type-simple"},"jetpack_sharing_enabled":true,"_links":{"self":[{"href":"https:\/\/cacmultimarca.com\/index.php\/wp-json\/wp\/v2\/product\/622"}],"collection":[{"href":"https:\/\/cacmultimarca.com\/index.php\/wp-json\/wp\/v2\/product"}],"about":[{"href":"https:\/\/cacmultimarca.com\/index.php\/wp-json\/wp\/v2\/types\/product"}],"replies":[{"embeddable":true,"href":"https:\/\/cacmultimarca.com\/index.php\/wp-json\/wp\/v2\/comments?post=622"}],"wp:featuredmedia":[{"embeddable":true,"href":"https:\/\/cacmultimarca.com\/index.php\/wp-json\/wp\/v2\/media\/623"}],"wp:attachment":[{"href":"https:\/\/cacmultimarca.com\/index.php\/wp-json\/wp\/v2\/media?parent=622"}],"wp:term":[{"taxonomy":"product_brand","embeddable":true,"href":"https:\/\/cacmultimarca.com\/index.php\/wp-json\/wp\/v2\/product_brand?post=622"},{"taxonomy":"product_cat","embeddable":true,"href":"https:\/\/cacmultimarca.com\/index.php\/wp-json\/wp\/v2\/product_cat?post=622"},{"taxonomy":"product_tag","embeddable":true,"href":"https:\/\/cacmultimarca.com\/index.php\/wp-json\/wp\/v2\/product_tag?post=622"}],"curies":[{"name":"wp","href":"https:\/\/api.w.org\/{rel}","templated":true}]}}