{"id":575,"date":"2024-07-29T15:57:17","date_gmt":"2024-07-29T20:57:17","guid":{"rendered":"https:\/\/cacmultimarca.com\/?post_type=product&#038;p=575"},"modified":"2024-08-08T12:00:10","modified_gmt":"2024-08-08T17:00:10","slug":"t8-hfc-4x2-luxury-diesel","status":"publish","type":"product","link":"https:\/\/cacmultimarca.com\/index.php\/producto\/t8-hfc-4x2-luxury-diesel\/","title":{"rendered":"T8 4X2 LUXURY DIESEL"},"content":{"rendered":"<ul class=\"car-attributes\">\n<li class=\"car_year\">A\u00f1o<strong class=\"text-right\">2023<\/strong><\/li>\n<li class=\"car_make\">Hacer<strong class=\"text-right\">JAC<\/strong><\/li>\n<li class=\"car_model\">Modelo<strong class=\"text-right\">JAC CAMIONETAS<\/strong><\/li>\n<li class=\"car_transmission\">Transmisi\u00f3n<strong class=\"text-right\">Manual<\/strong><\/li>\n<li class=\"car_drivetrain\">Transmisi\u00f3n<strong class=\"text-right\">Autom\u00e1tica<\/strong><\/li>\n<\/ul>\n<h3>FACILITA LA VIDA, FACILITA EL TRABAJO<\/h3>\n<ul>\n<li>\n<h5>MOTOR\u00a0 2.000 cc<\/h5>\n<\/li>\n<li>\n<h5><strong>POTENCIA M\u00c1XIMA\u00a0 \u00a0137 HP\u00a0\u00a0<\/strong><\/h5>\n<\/li>\n<li>\n<h5>TRANSMISI\u00d3N Manual 6 velocidades<\/h5>\n<\/li>\n<\/ul>\n<p><strong>Diesel Motor:<\/strong>\u00a0HFC4dB2-1B<br \/>\n<strong>No. de Cil\u00edndros:<\/strong>\u00a04 en L\u00ednea, Turbo Geometr\u00eda Variable + Intercooler<br \/>\n<strong>Cilindrada:<\/strong>\u00a02000 cc<br \/>\n<strong>Potencia Max. 137 HP\u00a0<\/strong><br \/>\n<strong>Sistema de Lubricaci\u00f3n:<\/strong>\u00a0Tipo Flujo Total, Bomba de Aceite, Filtros de Aceite, Enfriador.<br \/>\n<strong>Sistema de Enfriamiento:<\/strong>\u00a0Radiador, Ventilador y Bomba de Agua<br \/>\n<strong>Sistema de Inyecci\u00f3n:<\/strong>\u00a0Electr\u00f3nica<br \/>\n<strong>Sistema de Direcci\u00f3n:<\/strong>\u00a0Hidr\u00e1ulica<br \/>\n<strong>Capacidad del Tanque:<\/strong>\u00a020,22 gls.<br \/>\n\u2014<br \/>\n<strong>Caja manual de 6 velocidades<\/strong><br \/>\n<strong>Sincronizaci\u00f3n de 1ra a 6ta<\/strong><br \/>\n<strong>Embrague: Mono Disco Seco: Hidr\u00e1ulico<\/strong><\/p>\n<p>Encendido con Bot\u00f3n Start\/OFF<br \/>\nApoyacabezas<br \/>\n5 cinturones de seguridad de 3 puntos<br \/>\nDoble bolsa de aire<br \/>\nCabina doble<br \/>\nSistema de audio envolvente 6 parlantes de alta fidelidad + SubWoofer (4 parlantes en Versiones Inter Diesel)<br \/>\nPantalla t\u00e1ctil de 8.2\u2033 + mSD + Bluetooth + c\u00e1mara de retro<br \/>\nSensores de retro<br \/>\nAire acondicionado<br \/>\nAsientos de Cuero cabina bi-tono<br \/>\nMandos al volante de cuero<br \/>\nAros de aluminio RIN 18<br \/>\nProtector de balde<br \/>\nRoll Bar<br \/>\nEstribos de aluminio pulido<\/p>\n","protected":false},"excerpt":{"rendered":"<p>A\u00f1o2023 HacerJAC ModeloJAC CAMIONETAS Transmisi\u00f3nManual Transmisi\u00f3nAutom\u00e1tica FACILITA LA VIDA, FACILITA EL TRABAJO MOTOR\u00a0 2.000 cc POTENCIA M\u00c1XIMA\u00a0 \u00a0137 HP\u00a0\u00a0 TRANSMISI\u00d3N Manual 6 velocidades Diesel Motor:\u00a0HFC4dB2-1B No. de Cil\u00edndros:\u00a04 en L\u00ednea, Turbo Geometr\u00eda Variable + Intercooler Cilindrada:\u00a02000 cc Potencia Max. 137 HP\u00a0 Sistema de Lubricaci\u00f3n:\u00a0Tipo Flujo Total, Bomba de Aceite, Filtros de Aceite, Enfriador. Sistema de [&hellip;]<\/p>\n","protected":false},"featured_media":633,"comment_status":"open","ping_status":"closed","template":"","meta":{"_joinchat":[]},"product_brand":[],"product_cat":[29,25,38],"product_tag":[],"class_list":{"0":"post-575","1":"product","2":"type-product","3":"status-publish","4":"has-post-thumbnail","6":"product_cat-t8","7":"product_cat-jacmotors","8":"product_cat-livianacamiones","10":"first","11":"instock","12":"shipping-taxable","13":"purchasable","14":"product-type-simple"},"jetpack_sharing_enabled":true,"_links":{"self":[{"href":"https:\/\/cacmultimarca.com\/index.php\/wp-json\/wp\/v2\/product\/575"}],"collection":[{"href":"https:\/\/cacmultimarca.com\/index.php\/wp-json\/wp\/v2\/product"}],"about":[{"href":"https:\/\/cacmultimarca.com\/index.php\/wp-json\/wp\/v2\/types\/product"}],"replies":[{"embeddable":true,"href":"https:\/\/cacmultimarca.com\/index.php\/wp-json\/wp\/v2\/comments?post=575"}],"wp:featuredmedia":[{"embeddable":true,"href":"https:\/\/cacmultimarca.com\/index.php\/wp-json\/wp\/v2\/media\/633"}],"wp:attachment":[{"href":"https:\/\/cacmultimarca.com\/index.php\/wp-json\/wp\/v2\/media?parent=575"}],"wp:term":[{"taxonomy":"product_brand","embeddable":true,"href":"https:\/\/cacmultimarca.com\/index.php\/wp-json\/wp\/v2\/product_brand?post=575"},{"taxonomy":"product_cat","embeddable":true,"href":"https:\/\/cacmultimarca.com\/index.php\/wp-json\/wp\/v2\/product_cat?post=575"},{"taxonomy":"product_tag","embeddable":true,"href":"https:\/\/cacmultimarca.com\/index.php\/wp-json\/wp\/v2\/product_tag?post=575"}],"curies":[{"name":"wp","href":"https:\/\/api.w.org\/{rel}","templated":true}]}}