{"id":564,"date":"2024-07-29T11:44:22","date_gmt":"2024-07-29T16:44:22","guid":{"rendered":"https:\/\/cacmultimarca.com\/?post_type=product&#038;p=564"},"modified":"2024-08-08T11:03:46","modified_gmt":"2024-08-08T16:03:46","slug":"t6-4x2-inter-diesel","status":"publish","type":"product","link":"https:\/\/cacmultimarca.com\/index.php\/producto\/t6-4x2-inter-diesel\/","title":{"rendered":"T6 4X2 INTER DIESEL"},"content":{"rendered":"<h5>DESCRIPCI\u00d3N<\/h5>\n<ul class=\"car-attributes\">\n<li class=\"car_year\">A\u00f1o<strong class=\"text-right\">2023<\/strong><\/li>\n<li class=\"car_make\">Hacer<strong class=\"text-right\">JAC<\/strong><\/li>\n<li class=\"car_model\">Modelo<strong class=\"text-right\">JAC CAMIONETAS<\/strong><\/li>\n<\/ul>\n<p>CATEGORIALinea Pasajeros, Pick UpCAPACIDAD DE CARGA1000 KgMOTOR2.000 ccPOTENCIA MAXIMA150 HP \/ 6000 RPMTRANSMISI\u00d3NManual 5 velocidades<\/p>\n<div class=\"stm-tech-infos\">\n<div class=\"stm-tech-title\">\n<h4 class=\"title h5\">Motor<\/h4>\n<\/div>\n<table>\n<tbody>\n<tr>\n<td><span class=\"text-transform \">TIPO DE EMISI\u00d3N:<\/span><\/td>\n<td class=\"text-right\"><span class=\"h6\">Euro III<\/span><\/td>\n<\/tr>\n<tr>\n<td><span class=\"text-transform \">TIPO DE MOTOR ALIMENTACI\u00d3N:<\/span><\/td>\n<td class=\"text-right\"><span class=\"h6\">4 en l\u00ednea VVT Gasolina<\/span><\/td>\n<\/tr>\n<tr>\n<td><span class=\"text-transform \">POTENCIA NETA:<\/span><\/td>\n<td class=\"text-right\"><span class=\"h6\">150 HP \/ 6000 RPM<\/span><\/td>\n<\/tr>\n<tr>\n<td><span class=\"text-transform \">CILINDRADA DESPLAZAMIENTO:<\/span><\/td>\n<td class=\"text-right\"><span class=\"h6\">2000 cc<\/span><\/td>\n<\/tr>\n<tr>\n<td><span class=\"text-transform \">MODELO<\/span><\/td>\n<td class=\"text-right\"><span class=\"h6\">HFC4GA3-3D<\/span><\/td>\n<\/tr>\n<\/tbody>\n<\/table>\n<\/div>\n<div class=\"stm-tech-infos\">\n<div class=\"stm-tech-title\">\n<p>&nbsp;<\/p>\n<h4 class=\"title h5\">Chasis<\/h4>\n<\/div>\n<table>\n<tbody>\n<tr>\n<td><span class=\"text-transform \">RELACI\u00d3N FINAL DEL EJE:<\/span><\/td>\n<td class=\"text-right\"><span class=\"h6\">4,875<\/span><\/td>\n<\/tr>\n<tr>\n<td><span class=\"text-transform \">TIPO DE TRACCI\u00d3N:<\/span><\/td>\n<td class=\"text-right\"><span class=\"h6\">4 x 2<\/span><\/td>\n<\/tr>\n<tr>\n<td><span class=\"text-transform \">FRENOS POSTERIOR:<\/span><\/td>\n<td class=\"text-right\"><span class=\"h6\">Tambor<\/span><\/td>\n<\/tr>\n<tr>\n<td><span class=\"text-transform \">FRENOS DELANTEROS:<\/span><\/td>\n<td class=\"text-right\"><span class=\"h6\">Discos autoventilados<\/span><\/td>\n<\/tr>\n<tr>\n<td><span class=\"text-transform \">SUSPENSI\u00d3N DELANTERA:<\/span><\/td>\n<td class=\"text-right\"><span class=\"h6\">Doble plato suspensi\u00f3n independiente con espiral y amortiguador + barra estabilizadora + frontal<\/span><\/td>\n<\/tr>\n<tr>\n<td><span class=\"text-transform \">SUSPENSI\u00d3N TRASERA:<\/span><\/td>\n<td class=\"text-right\"><span class=\"h6\">Amortiguador + Ballestas 5 (3 carga + 2 confort)<\/span><\/td>\n<\/tr>\n<tr>\n<td><span class=\"text-transform \">DI\u00c1METRO DE GIRO:<\/span><\/td>\n<td class=\"text-right\"><span class=\"h6\">6.2 m<\/span><\/td>\n<\/tr>\n<tr>\n<td><span class=\"text-transform \">MEDIDA DE LLANTA:<\/span><\/td>\n<td class=\"text-right\"><span class=\"h6\">245\/65 R17<\/span><\/td>\n<\/tr>\n<\/tbody>\n<\/table>\n<\/div>\n<div class=\"stm-tech-infos\">\n<div class=\"stm-tech-title\">\n<p>&nbsp;<\/p>\n<h4 class=\"title h5\">Dise\u00f1o exterior<\/h4>\n<\/div>\n<table>\n<tbody>\n<tr>\n<td><span class=\"text-transform \">ACCESORIO<\/span><\/td>\n<td class=\"text-right\"><span class=\"h6\">Roll Bar<\/span><\/td>\n<\/tr>\n<tr>\n<td><span class=\"text-transform \">MEDIDA DE AROS<\/span><\/td>\n<td class=\"text-right\"><span class=\"h6\">17&#8243;<\/span><\/td>\n<\/tr>\n<tr>\n<td><span class=\"text-transform \">SEGURIDAD LUCES<\/span><\/td>\n<td class=\"text-right\"><span class=\"h6\">Tercera luz de freno<\/span><\/td>\n<\/tr>\n<tr>\n<td><span class=\"text-transform \">ACCESORIO<\/span><\/td>\n<td class=\"text-right\"><span class=\"h6\">Estribos<\/span><\/td>\n<\/tr>\n<tr>\n<td><span class=\"text-transform \">LUCES<\/span><\/td>\n<td class=\"text-right\"><span class=\"h6\">Hal\u00f3genos<\/span><\/td>\n<\/tr>\n<\/tbody>\n<\/table>\n<\/div>\n<div class=\"stm-tech-infos\">\n<div class=\"stm-tech-title\">\n<p>&nbsp;<\/p>\n<h4 class=\"title h5\">Seguridad<\/h4>\n<\/div>\n<table>\n<tbody>\n<tr>\n<td><span class=\"text-transform \">SEGURIDAD<\/span><\/td>\n<td class=\"text-right\"><span class=\"h6\">Abs, EBD, Doble Airbag, Bloqueo Central, Inmovilizador de motor, Direcci\u00f3n, Ventanas el\u00e9ctricas con seguro, Tercera luz de freno<\/span><\/td>\n<\/tr>\n<\/tbody>\n<\/table>\n<\/div>\n","protected":false},"excerpt":{"rendered":"<p>DESCRIPCI\u00d3N A\u00f1o2023 HacerJAC ModeloJAC CAMIONETAS CATEGORIALinea Pasajeros, Pick UpCAPACIDAD DE CARGA1000 KgMOTOR2.000 ccPOTENCIA MAXIMA150 HP \/ 6000 RPMTRANSMISI\u00d3NManual 5 velocidades Motor TIPO DE EMISI\u00d3N: Euro III TIPO DE MOTOR ALIMENTACI\u00d3N: 4 en l\u00ednea VVT Gasolina POTENCIA NETA: 150 HP \/ 6000 RPM CILINDRADA DESPLAZAMIENTO: 2000 cc MODELO HFC4GA3-3D &nbsp; Chasis RELACI\u00d3N FINAL DEL EJE: 4,875 [&hellip;]<\/p>\n","protected":false},"featured_media":588,"comment_status":"open","ping_status":"closed","template":"","meta":{"_joinchat":[]},"product_brand":[],"product_cat":[28,25,38],"product_tag":[],"class_list":{"0":"post-564","1":"product","2":"type-product","3":"status-publish","4":"has-post-thumbnail","6":"product_cat-t6","7":"product_cat-jacmotors","8":"product_cat-livianacamiones","10":"first","11":"instock","12":"shipping-taxable","13":"purchasable","14":"product-type-simple"},"jetpack_sharing_enabled":true,"_links":{"self":[{"href":"https:\/\/cacmultimarca.com\/index.php\/wp-json\/wp\/v2\/product\/564"}],"collection":[{"href":"https:\/\/cacmultimarca.com\/index.php\/wp-json\/wp\/v2\/product"}],"about":[{"href":"https:\/\/cacmultimarca.com\/index.php\/wp-json\/wp\/v2\/types\/product"}],"replies":[{"embeddable":true,"href":"https:\/\/cacmultimarca.com\/index.php\/wp-json\/wp\/v2\/comments?post=564"}],"wp:featuredmedia":[{"embeddable":true,"href":"https:\/\/cacmultimarca.com\/index.php\/wp-json\/wp\/v2\/media\/588"}],"wp:attachment":[{"href":"https:\/\/cacmultimarca.com\/index.php\/wp-json\/wp\/v2\/media?parent=564"}],"wp:term":[{"taxonomy":"product_brand","embeddable":true,"href":"https:\/\/cacmultimarca.com\/index.php\/wp-json\/wp\/v2\/product_brand?post=564"},{"taxonomy":"product_cat","embeddable":true,"href":"https:\/\/cacmultimarca.com\/index.php\/wp-json\/wp\/v2\/product_cat?post=564"},{"taxonomy":"product_tag","embeddable":true,"href":"https:\/\/cacmultimarca.com\/index.php\/wp-json\/wp\/v2\/product_tag?post=564"}],"curies":[{"name":"wp","href":"https:\/\/api.w.org\/{rel}","templated":true}]}}