{"id":15,"date":"2024-07-20T11:24:41","date_gmt":"2024-07-20T16:24:41","guid":{"rendered":"https:\/\/cacmultimarca.com\/?page_id=15"},"modified":"2024-08-07T17:22:20","modified_gmt":"2024-08-07T22:22:20","slug":"postventas","status":"publish","type":"page","link":"https:\/\/cacmultimarca.com\/index.php\/postventas\/","title":{"rendered":"Postventas"},"content":{"rendered":"\t\t<div data-elementor-type=\"wp-page\" data-elementor-id=\"15\" class=\"elementor elementor-15\" data-elementor-post-type=\"page\">\n\t\t\t\t<div class=\"elementor-element elementor-element-8ac0c8f e-flex e-con-boxed e-con e-parent\" data-id=\"8ac0c8f\" data-element_type=\"container\" data-e-type=\"container\">\n\t\t\t\t\t<div class=\"e-con-inner\">\n\t\t\t\t<div class=\"elementor-element elementor-element-113781c animated-slow elementor--h-position-center elementor--v-position-middle elementor-arrows-position-inside elementor-pagination-position-inside elementor-invisible elementor-widget elementor-widget-slides\" data-id=\"113781c\" data-element_type=\"widget\" data-e-type=\"widget\" data-settings=\"{&quot;_animation&quot;:&quot;zoomIn&quot;,&quot;navigation&quot;:&quot;both&quot;,&quot;autoplay&quot;:&quot;yes&quot;,&quot;pause_on_hover&quot;:&quot;yes&quot;,&quot;pause_on_interaction&quot;:&quot;yes&quot;,&quot;autoplay_speed&quot;:5000,&quot;infinite&quot;:&quot;yes&quot;,&quot;transition&quot;:&quot;slide&quot;,&quot;transition_speed&quot;:500}\" data-widget_type=\"slides.default\">\n\t\t\t\t<div class=\"elementor-widget-container\">\n\t\t\t\t\t\t\t<div class=\"elementor-swiper\">\n\t\t\t<div class=\"elementor-slides-wrapper elementor-main-swiper swiper-container\" dir=\"ltr\" data-animation=\"fadeInDown\">\n\t\t\t\t<div class=\"swiper-wrapper elementor-slides\">\n\t\t\t\t\t\t\t\t\t\t<div class=\"elementor-repeater-item-a42d19a swiper-slide\"><div class=\"swiper-slide-bg\" role=\"img\"><\/div><div class=\"swiper-slide-inner\" ><div class=\"swiper-slide-contents\"><\/div><\/div><\/div>\t\t\t\t<\/div>\n\t\t\t\t\t\t\t<\/div>\n\t\t<\/div>\n\t\t\t\t\t\t<\/div>\n\t\t\t\t<\/div>\n\t\t\t\t<div class=\"elementor-element elementor-element-b49a1ce elementor-widget elementor-widget-spacer\" data-id=\"b49a1ce\" data-element_type=\"widget\" data-e-type=\"widget\" data-widget_type=\"spacer.default\">\n\t\t\t\t<div class=\"elementor-widget-container\">\n\t\t\t\t\t\t\t<div class=\"elementor-spacer\">\n\t\t\t<div class=\"elementor-spacer-inner\"><\/div>\n\t\t<\/div>\n\t\t\t\t\t\t<\/div>\n\t\t\t\t<\/div>\n\t\t\t\t\t<\/div>\n\t\t\t\t<\/div>\n\t\t<div class=\"elementor-element elementor-element-e889705 e-flex e-con-boxed e-con e-parent\" data-id=\"e889705\" data-element_type=\"container\" data-e-type=\"container\">\n\t\t\t\t\t<div class=\"e-con-inner\">\n\t\t<div class=\"elementor-element elementor-element-a0509e6 e-con-full e-flex e-con e-child\" data-id=\"a0509e6\" data-element_type=\"container\" data-e-type=\"container\">\n\t\t\t\t<div class=\"elementor-element elementor-element-addf065 elementor-view-default elementor-widget elementor-widget-icon\" data-id=\"addf065\" data-element_type=\"widget\" data-e-type=\"widget\" data-widget_type=\"icon.default\">\n\t\t\t\t<div class=\"elementor-widget-container\">\n\t\t\t\t\t\t\t<div class=\"elementor-icon-wrapper\">\n\t\t\t<div class=\"elementor-icon\">\n\t\t\t<svg aria-hidden=\"true\" class=\"e-font-icon-svg e-fas-diagnoses\" viewBox=\"0 0 640 512\" xmlns=\"http:\/\/www.w3.org\/2000\/svg\"><path d=\"M496 256c8.8 0 16-7.2 16-16s-7.2-16-16-16-16 7.2-16 16 7.2 16 16 16zm-176-80c48.5 0 88-39.5 88-88S368.5 0 320 0s-88 39.5-88 88 39.5 88 88 88zM59.8 364c10.2 15.3 29.3 17.8 42.9 9.8 16.2-9.6 56.2-31.7 105.3-48.6V416h224v-90.7c49.1 16.8 89.1 39 105.3 48.6 13.6 8 32.7 5.3 42.9-9.8l17.8-26.7c8.8-13.2 7.6-34.6-10-45.1-11.9-7.1-29.7-17-51.1-27.4-28.1 46.1-99.4 17.8-87.7-35.1C409.3 217.2 365.1 208 320 208c-57 0-112.9 14.5-160 32.2-.2 40.2-47.6 63.3-79.2 36-11.2 6-21.3 11.6-28.7 16-17.6 10.5-18.8 31.8-10 45.1L59.8 364zM368 344c13.3 0 24 10.7 24 24s-10.7 24-24 24-24-10.7-24-24 10.7-24 24-24zm-96-96c13.3 0 24 10.7 24 24s-10.7 24-24 24-24-10.7-24-24 10.7-24 24-24zm-160 8c8.8 0 16-7.2 16-16s-7.2-16-16-16-16 7.2-16 16 7.2 16 16 16zm512 192H16c-8.8 0-16 7.2-16 16v32c0 8.8 7.2 16 16 16h608c8.8 0 16-7.2 16-16v-32c0-8.8-7.2-16-16-16z\"><\/path><\/svg>\t\t\t<\/div>\n\t\t<\/div>\n\t\t\t\t\t\t<\/div>\n\t\t\t\t<\/div>\n\t\t\t\t<\/div>\n\t\t<div class=\"elementor-element elementor-element-1b9f18a e-con-full e-flex e-con e-child\" data-id=\"1b9f18a\" data-element_type=\"container\" data-e-type=\"container\">\n\t\t\t\t<div class=\"elementor-element elementor-element-6cff3e3 elementor-view-default elementor-widget elementor-widget-icon\" data-id=\"6cff3e3\" data-element_type=\"widget\" data-e-type=\"widget\" data-widget_type=\"icon.default\">\n\t\t\t\t<div class=\"elementor-widget-container\">\n\t\t\t\t\t\t\t<div class=\"elementor-icon-wrapper\">\n\t\t\t<div class=\"elementor-icon\">\n\t\t\t<svg aria-hidden=\"true\" class=\"e-font-icon-svg e-fas-car-crash\" viewBox=\"0 0 640 512\" xmlns=\"http:\/\/www.w3.org\/2000\/svg\"><path d=\"M143.25 220.81l-12.42 46.37c-3.01 11.25-3.63 22.89-2.41 34.39l-35.2 28.98c-6.57 5.41-16.31-.43-14.62-8.77l15.44-76.68c1.06-5.26-2.66-10.28-8-10.79l-77.86-7.55c-8.47-.82-11.23-11.83-4.14-16.54l65.15-43.3c4.46-2.97 5.38-9.15 1.98-13.29L21.46 93.22c-5.41-6.57.43-16.3 8.78-14.62l76.68 15.44c5.26 1.06 10.28-2.66 10.8-8l7.55-77.86c.82-8.48 11.83-11.23 16.55-4.14l43.3 65.14c2.97 4.46 9.15 5.38 13.29 1.98l60.4-49.71c6.57-5.41 16.3.43 14.62 8.77L262.1 86.38c-2.71 3.05-5.43 6.09-7.91 9.4l-32.15 42.97-10.71 14.32c-32.73 8.76-59.18 34.53-68.08 67.74zm494.57 132.51l-12.42 46.36c-3.13 11.68-9.38 21.61-17.55 29.36a66.876 66.876 0 0 1-8.76 7l-13.99 52.23c-1.14 4.27-3.1 8.1-5.65 11.38-7.67 9.84-20.74 14.68-33.54 11.25L515 502.62c-17.07-4.57-27.2-22.12-22.63-39.19l8.28-30.91-247.28-66.26-8.28 30.91c-4.57 17.07-22.12 27.2-39.19 22.63l-30.91-8.28c-12.8-3.43-21.7-14.16-23.42-26.51-.57-4.12-.35-8.42.79-12.68l13.99-52.23a66.62 66.62 0 0 1-4.09-10.45c-3.2-10.79-3.65-22.52-.52-34.2l12.42-46.37c5.31-19.8 19.36-34.83 36.89-42.21a64.336 64.336 0 0 1 18.49-4.72l18.13-24.23 32.15-42.97c3.45-4.61 7.19-8.9 11.2-12.84 8-7.89 17.03-14.44 26.74-19.51 4.86-2.54 9.89-4.71 15.05-6.49 10.33-3.58 21.19-5.63 32.24-6.04 11.05-.41 22.31.82 33.43 3.8l122.68 32.87c11.12 2.98 21.48 7.54 30.85 13.43a111.11 111.11 0 0 1 34.69 34.5c8.82 13.88 14.64 29.84 16.68 46.99l6.36 53.29 3.59 30.05a64.49 64.49 0 0 1 22.74 29.93c4.39 11.88 5.29 25.19 1.75 38.39zM255.58 234.34c-18.55-4.97-34.21 4.04-39.17 22.53-4.96 18.49 4.11 34.12 22.65 39.09 18.55 4.97 45.54 15.51 50.49-2.98 4.96-18.49-15.43-53.67-33.97-58.64zm290.61 28.17l-6.36-53.29c-.58-4.87-1.89-9.53-3.82-13.86-5.8-12.99-17.2-23.01-31.42-26.82l-122.68-32.87a48.008 48.008 0 0 0-50.86 17.61l-32.15 42.97 172 46.08 75.29 20.18zm18.49 54.65c-18.55-4.97-53.8 15.31-58.75 33.79-4.95 18.49 23.69 22.86 42.24 27.83 18.55 4.97 34.21-4.04 39.17-22.53 4.95-18.48-4.11-34.12-22.66-39.09z\"><\/path><\/svg>\t\t\t<\/div>\n\t\t<\/div>\n\t\t\t\t\t\t<\/div>\n\t\t\t\t<\/div>\n\t\t\t\t<\/div>\n\t\t<div class=\"elementor-element elementor-element-d08676d e-con-full e-flex e-con e-child\" data-id=\"d08676d\" data-element_type=\"container\" data-e-type=\"container\">\n\t\t\t\t<div class=\"elementor-element elementor-element-163ef90 elementor-view-default elementor-widget elementor-widget-icon\" data-id=\"163ef90\" data-element_type=\"widget\" data-e-type=\"widget\" data-widget_type=\"icon.default\">\n\t\t\t\t<div class=\"elementor-widget-container\">\n\t\t\t\t\t\t\t<div class=\"elementor-icon-wrapper\">\n\t\t\t<div class=\"elementor-icon\">\n\t\t\t<svg aria-hidden=\"true\" class=\"e-font-icon-svg e-fas-toolbox\" viewBox=\"0 0 512 512\" xmlns=\"http:\/\/www.w3.org\/2000\/svg\"><path d=\"M502.63 214.63l-45.25-45.25c-6-6-14.14-9.37-22.63-9.37H384V80c0-26.51-21.49-48-48-48H176c-26.51 0-48 21.49-48 48v80H77.25c-8.49 0-16.62 3.37-22.63 9.37L9.37 214.63c-6 6-9.37 14.14-9.37 22.63V320h128v-16c0-8.84 7.16-16 16-16h32c8.84 0 16 7.16 16 16v16h128v-16c0-8.84 7.16-16 16-16h32c8.84 0 16 7.16 16 16v16h128v-82.75c0-8.48-3.37-16.62-9.37-22.62zM320 160H192V96h128v64zm64 208c0 8.84-7.16 16-16 16h-32c-8.84 0-16-7.16-16-16v-16H192v16c0 8.84-7.16 16-16 16h-32c-8.84 0-16-7.16-16-16v-16H0v96c0 17.67 14.33 32 32 32h448c17.67 0 32-14.33 32-32v-96H384v16z\"><\/path><\/svg>\t\t\t<\/div>\n\t\t<\/div>\n\t\t\t\t\t\t<\/div>\n\t\t\t\t<\/div>\n\t\t\t\t<\/div>\n\t\t<div class=\"elementor-element elementor-element-c40dc81 e-con-full e-flex e-con e-child\" data-id=\"c40dc81\" data-element_type=\"container\" data-e-type=\"container\">\n\t\t\t\t<div class=\"elementor-element elementor-element-053f1e8 elementor-view-default elementor-widget elementor-widget-icon\" data-id=\"053f1e8\" data-element_type=\"widget\" data-e-type=\"widget\" data-widget_type=\"icon.default\">\n\t\t\t\t<div class=\"elementor-widget-container\">\n\t\t\t\t\t\t\t<div class=\"elementor-icon-wrapper\">\n\t\t\t<div class=\"elementor-icon\">\n\t\t\t<svg aria-hidden=\"true\" class=\"e-font-icon-svg e-fas-tools\" viewBox=\"0 0 512 512\" xmlns=\"http:\/\/www.w3.org\/2000\/svg\"><path d=\"M501.1 395.7L384 278.6c-23.1-23.1-57.6-27.6-85.4-13.9L192 158.1V96L64 0 0 64l96 128h62.1l106.6 106.6c-13.6 27.8-9.2 62.3 13.9 85.4l117.1 117.1c14.6 14.6 38.2 14.6 52.7 0l52.7-52.7c14.5-14.6 14.5-38.2 0-52.7zM331.7 225c28.3 0 54.9 11 74.9 31l19.4 19.4c15.8-6.9 30.8-16.5 43.8-29.5 37.1-37.1 49.7-89.3 37.9-136.7-2.2-9-13.5-12.1-20.1-5.5l-74.4 74.4-67.9-11.3L334 98.9l74.4-74.4c6.6-6.6 3.4-17.9-5.7-20.2-47.4-11.7-99.6.9-136.6 37.9-28.5 28.5-41.9 66.1-41.2 103.6l82.1 82.1c8.1-1.9 16.5-2.9 24.7-2.9zm-103.9 82l-56.7-56.7L18.7 402.8c-25 25-25 65.5 0 90.5s65.5 25 90.5 0l123.6-123.6c-7.6-19.9-9.9-41.6-5-62.7zM64 472c-13.2 0-24-10.8-24-24 0-13.3 10.7-24 24-24s24 10.7 24 24c0 13.2-10.7 24-24 24z\"><\/path><\/svg>\t\t\t<\/div>\n\t\t<\/div>\n\t\t\t\t\t\t<\/div>\n\t\t\t\t<\/div>\n\t\t\t\t<\/div>\n\t\t\t\t\t<\/div>\n\t\t\t\t<\/div>\n\t\t<div class=\"elementor-element elementor-element-9174ab8 e-flex e-con-boxed e-con e-parent\" data-id=\"9174ab8\" data-element_type=\"container\" data-e-type=\"container\">\n\t\t\t\t\t<div class=\"e-con-inner\">\n\t\t<div class=\"elementor-element elementor-element-4bf70f8 e-con-full e-flex e-con e-child\" data-id=\"4bf70f8\" data-element_type=\"container\" data-e-type=\"container\">\n\t\t\t\t<div class=\"elementor-element elementor-element-a22ae1f elementor-widget elementor-widget-text-editor\" data-id=\"a22ae1f\" data-element_type=\"widget\" data-e-type=\"widget\" data-widget_type=\"text-editor.default\">\n\t\t\t\t<div class=\"elementor-widget-container\">\n\t\t\t\t\t\t\t\t\t<h4><strong>\u00a0 \u00a0 \u00a0 \u00a0 \u00a0 \u00a0 \u00a0 \u00a0 \u00a0 \u00a0 \u00a0PDI<\/strong><\/h4><ul><li>Inspecci\u00f3n Pre-entrega<\/li><li>Revisi\u00f3n T\u00e9cnica y Cualitativa<\/li><li>Total Garant\u00eda de Funcionamiento<\/li><\/ul>\t\t\t\t\t\t\t\t<\/div>\n\t\t\t\t<\/div>\n\t\t\t\t<\/div>\n\t\t<div class=\"elementor-element elementor-element-030d13b e-con-full e-flex e-con e-child\" data-id=\"030d13b\" data-element_type=\"container\" data-e-type=\"container\">\n\t\t\t\t<div class=\"elementor-element elementor-element-12206c8 elementor-widget elementor-widget-text-editor\" data-id=\"12206c8\" data-element_type=\"widget\" data-e-type=\"widget\" data-widget_type=\"text-editor.default\">\n\t\t\t\t<div class=\"elementor-widget-container\">\n\t\t\t\t\t\t\t\t\t<h4><strong>\u00a0 \u00a0 \u00a0Servicio de Colisiones<\/strong><\/h4><ul><li>Convenio con las Mejores Compa\u00f1ias de Seguro<\/li><li>Reemplazo con Piezas Originales<\/li><li>Servicio Especializado en Latoner\u00eda y Pintura<\/li><\/ul>\t\t\t\t\t\t\t\t<\/div>\n\t\t\t\t<\/div>\n\t\t\t\t<\/div>\n\t\t<div class=\"elementor-element elementor-element-66a0e85 e-con-full e-flex e-con e-child\" data-id=\"66a0e85\" data-element_type=\"container\" data-e-type=\"container\">\n\t\t\t\t<div class=\"elementor-element elementor-element-ede30b0 elementor-widget elementor-widget-text-editor\" data-id=\"ede30b0\" data-element_type=\"widget\" data-e-type=\"widget\" data-widget_type=\"text-editor.default\">\n\t\t\t\t<div class=\"elementor-widget-container\">\n\t\t\t\t\t\t\t\t\t<h4><strong>Mantenimiento Preventivo<\/strong><\/h4><ul><li>Plan de Mantenimiento cada 5000 Km<\/li><li>Diagn\u00f3stico de Aver\u00edas con Scanner<\/li><\/ul>\t\t\t\t\t\t\t\t<\/div>\n\t\t\t\t<\/div>\n\t\t\t\t<\/div>\n\t\t<div class=\"elementor-element elementor-element-12d716e e-con-full e-flex e-con e-child\" data-id=\"12d716e\" data-element_type=\"container\" data-e-type=\"container\">\n\t\t\t\t<div class=\"elementor-element elementor-element-2b788d8 elementor-widget elementor-widget-text-editor\" data-id=\"2b788d8\" data-element_type=\"widget\" data-e-type=\"widget\" data-widget_type=\"text-editor.default\">\n\t\t\t\t<div class=\"elementor-widget-container\">\n\t\t\t\t\t\t\t\t\t<h4><strong>\u00a0Mantenimiento Correctivo<\/strong><\/h4><ul><li>Reemplazo de Partes<\/li><li>Repuestos Originales<\/li><li>Personal Altamente Capacitado<\/li><\/ul>\t\t\t\t\t\t\t\t<\/div>\n\t\t\t\t<\/div>\n\t\t\t\t<\/div>\n\t\t\t\t\t<\/div>\n\t\t\t\t<\/div>\n\t\t<div class=\"elementor-element elementor-element-5046ac0 e-flex e-con-boxed e-con e-parent\" data-id=\"5046ac0\" data-element_type=\"container\" data-e-type=\"container\">\n\t\t\t\t\t<div class=\"e-con-inner\">\n\t\t\t\t<div class=\"elementor-element elementor-element-32e32d4 elementor-widget elementor-widget-spacer\" data-id=\"32e32d4\" data-element_type=\"widget\" data-e-type=\"widget\" data-widget_type=\"spacer.default\">\n\t\t\t\t<div class=\"elementor-widget-container\">\n\t\t\t\t\t\t\t<div class=\"elementor-spacer\">\n\t\t\t<div class=\"elementor-spacer-inner\"><\/div>\n\t\t<\/div>\n\t\t\t\t\t\t<\/div>\n\t\t\t\t<\/div>\n\t\t\t\t\t<\/div>\n\t\t\t\t<\/div>\n\t\t<div class=\"elementor-element elementor-element-2a722f9 e-flex e-con-boxed e-con e-parent\" data-id=\"2a722f9\" data-element_type=\"container\" data-e-type=\"container\">\n\t\t\t\t\t<div class=\"e-con-inner\">\n\t\t<div class=\"elementor-element elementor-element-113023e e-con-full e-flex e-con e-child\" data-id=\"113023e\" data-element_type=\"container\" data-e-type=\"container\">\n\t\t\t\t<div class=\"elementor-element elementor-element-b0c3fb4 elementor-widget elementor-widget-spacer\" data-id=\"b0c3fb4\" data-element_type=\"widget\" data-e-type=\"widget\" data-widget_type=\"spacer.default\">\n\t\t\t\t<div class=\"elementor-widget-container\">\n\t\t\t\t\t\t\t<div class=\"elementor-spacer\">\n\t\t\t<div class=\"elementor-spacer-inner\"><\/div>\n\t\t<\/div>\n\t\t\t\t\t\t<\/div>\n\t\t\t\t<\/div>\n\t\t\t\t<div class=\"elementor-element elementor-element-ac3453d elementor-widget__width-initial elementor-widget elementor-widget-text-editor\" data-id=\"ac3453d\" data-element_type=\"widget\" data-e-type=\"widget\" data-widget_type=\"text-editor.default\">\n\t\t\t\t<div class=\"elementor-widget-container\">\n\t\t\t\t\t\t\t\t\t<h1><strong>Call Center<\/strong><\/h1><p>Alguna duda? Desea asesor\u00eda o gestionar una cita online?<br \/>No dude en llamarnos<\/p><p>0991932342<\/p>\t\t\t\t\t\t\t\t<\/div>\n\t\t\t\t<\/div>\n\t\t\t\t<\/div>\n\t\t<div class=\"elementor-element elementor-element-3f729c0 e-con-full e-flex e-con e-child\" data-id=\"3f729c0\" data-element_type=\"container\" data-e-type=\"container\">\n\t\t\t\t<div class=\"elementor-element elementor-element-463ca85 elementor-widget elementor-widget-image\" data-id=\"463ca85\" data-element_type=\"widget\" data-e-type=\"widget\" data-widget_type=\"image.default\">\n\t\t\t\t<div class=\"elementor-widget-container\">\n\t\t\t\t\t\t\t\t\t\t\t\t\t\t\t<img fetchpriority=\"high\" decoding=\"async\" width=\"400\" height=\"267\" src=\"https:\/\/cacmultimarca.com\/wp-content\/uploads\/2024\/07\/ggklipartz.com_.png\" class=\"attachment-large size-large wp-image-361\" alt=\"\" srcset=\"https:\/\/cacmultimarca.com\/wp-content\/uploads\/2024\/07\/ggklipartz.com_.png 400w, https:\/\/cacmultimarca.com\/wp-content\/uploads\/2024\/07\/ggklipartz.com_-300x200.png 300w\" sizes=\"(max-width: 400px) 100vw, 400px\" \/>\t\t\t\t\t\t\t\t\t\t\t\t\t\t\t<\/div>\n\t\t\t\t<\/div>\n\t\t\t\t<\/div>\n\t\t\t\t\t<\/div>\n\t\t\t\t<\/div>\n\t\t<div class=\"elementor-element elementor-element-608c16d e-flex e-con-boxed e-con e-parent\" data-id=\"608c16d\" data-element_type=\"container\" data-e-type=\"container\">\n\t\t\t\t\t<div class=\"e-con-inner\">\n\t\t\t\t<div class=\"elementor-element elementor-element-e4284cc elementor-widget elementor-widget-spacer\" data-id=\"e4284cc\" data-element_type=\"widget\" data-e-type=\"widget\" data-widget_type=\"spacer.default\">\n\t\t\t\t<div class=\"elementor-widget-container\">\n\t\t\t\t\t\t\t<div class=\"elementor-spacer\">\n\t\t\t<div class=\"elementor-spacer-inner\"><\/div>\n\t\t<\/div>\n\t\t\t\t\t\t<\/div>\n\t\t\t\t<\/div>\n\t\t\t\t\t<\/div>\n\t\t\t\t<\/div>\n\t\t<div class=\"elementor-element elementor-element-3127b95 e-grid e-con-boxed e-con e-parent\" data-id=\"3127b95\" data-element_type=\"container\" data-e-type=\"container\">\n\t\t\t\t\t<div class=\"e-con-inner\">\n\t\t\t\t<div class=\"elementor-element elementor-element-874b648 elementor-widget elementor-widget-image\" data-id=\"874b648\" data-element_type=\"widget\" data-e-type=\"widget\" data-widget_type=\"image.default\">\n\t\t\t\t<div class=\"elementor-widget-container\">\n\t\t\t\t\t\t\t\t\t\t\t\t\t\t\t<img decoding=\"async\" width=\"800\" height=\"780\" src=\"https:\/\/cacmultimarca.com\/wp-content\/uploads\/2024\/08\/453237811_514442577786434_3903896183164632213_n-1024x999.jpg\" class=\"attachment-large size-large wp-image-692\" alt=\"\" srcset=\"https:\/\/cacmultimarca.com\/wp-content\/uploads\/2024\/08\/453237811_514442577786434_3903896183164632213_n-1024x999.jpg 1024w, https:\/\/cacmultimarca.com\/wp-content\/uploads\/2024\/08\/453237811_514442577786434_3903896183164632213_n-300x293.jpg 300w, https:\/\/cacmultimarca.com\/wp-content\/uploads\/2024\/08\/453237811_514442577786434_3903896183164632213_n-768x749.jpg 768w, https:\/\/cacmultimarca.com\/wp-content\/uploads\/2024\/08\/453237811_514442577786434_3903896183164632213_n-600x586.jpg 600w, https:\/\/cacmultimarca.com\/wp-content\/uploads\/2024\/08\/453237811_514442577786434_3903896183164632213_n.jpg 1200w\" sizes=\"(max-width: 800px) 100vw, 800px\" \/>\t\t\t\t\t\t\t\t\t\t\t\t\t\t\t<\/div>\n\t\t\t\t<\/div>\n\t\t\t\t<div class=\"elementor-element elementor-element-56a40e9 elementor-widget elementor-widget-image\" data-id=\"56a40e9\" data-element_type=\"widget\" data-e-type=\"widget\" data-widget_type=\"image.default\">\n\t\t\t\t<div class=\"elementor-widget-container\">\n\t\t\t\t\t\t\t\t\t\t\t\t\t\t\t<img decoding=\"async\" width=\"800\" height=\"800\" src=\"https:\/\/cacmultimarca.com\/wp-content\/uploads\/2024\/08\/436240391_450673594163333_1462376128509990860_n-1024x1024.jpg\" class=\"attachment-large size-large wp-image-705\" alt=\"\" srcset=\"https:\/\/cacmultimarca.com\/wp-content\/uploads\/2024\/08\/436240391_450673594163333_1462376128509990860_n-1024x1024.jpg 1024w, https:\/\/cacmultimarca.com\/wp-content\/uploads\/2024\/08\/436240391_450673594163333_1462376128509990860_n-300x300.jpg 300w, https:\/\/cacmultimarca.com\/wp-content\/uploads\/2024\/08\/436240391_450673594163333_1462376128509990860_n-150x150.jpg 150w, https:\/\/cacmultimarca.com\/wp-content\/uploads\/2024\/08\/436240391_450673594163333_1462376128509990860_n-768x768.jpg 768w, https:\/\/cacmultimarca.com\/wp-content\/uploads\/2024\/08\/436240391_450673594163333_1462376128509990860_n-1536x1536.jpg 1536w, https:\/\/cacmultimarca.com\/wp-content\/uploads\/2024\/08\/436240391_450673594163333_1462376128509990860_n-600x600.jpg 600w, https:\/\/cacmultimarca.com\/wp-content\/uploads\/2024\/08\/436240391_450673594163333_1462376128509990860_n-100x100.jpg 100w, https:\/\/cacmultimarca.com\/wp-content\/uploads\/2024\/08\/436240391_450673594163333_1462376128509990860_n.jpg 2048w\" sizes=\"(max-width: 800px) 100vw, 800px\" \/>\t\t\t\t\t\t\t\t\t\t\t\t\t\t\t<\/div>\n\t\t\t\t<\/div>\n\t\t\t\t<div class=\"elementor-element elementor-element-39f31dd elementor-widget elementor-widget-image\" data-id=\"39f31dd\" data-element_type=\"widget\" data-e-type=\"widget\" data-widget_type=\"image.default\">\n\t\t\t\t<div class=\"elementor-widget-container\">\n\t\t\t\t\t\t\t\t\t\t\t\t\t\t\t<img loading=\"lazy\" decoding=\"async\" width=\"800\" height=\"800\" src=\"https:\/\/cacmultimarca.com\/wp-content\/uploads\/2024\/08\/440202370_457791573451535_3518594456719542415_n-1024x1024.jpg\" class=\"attachment-large size-large wp-image-713\" alt=\"\" srcset=\"https:\/\/cacmultimarca.com\/wp-content\/uploads\/2024\/08\/440202370_457791573451535_3518594456719542415_n-1024x1024.jpg 1024w, https:\/\/cacmultimarca.com\/wp-content\/uploads\/2024\/08\/440202370_457791573451535_3518594456719542415_n-300x300.jpg 300w, https:\/\/cacmultimarca.com\/wp-content\/uploads\/2024\/08\/440202370_457791573451535_3518594456719542415_n-150x150.jpg 150w, https:\/\/cacmultimarca.com\/wp-content\/uploads\/2024\/08\/440202370_457791573451535_3518594456719542415_n-768x768.jpg 768w, https:\/\/cacmultimarca.com\/wp-content\/uploads\/2024\/08\/440202370_457791573451535_3518594456719542415_n-1536x1536.jpg 1536w, https:\/\/cacmultimarca.com\/wp-content\/uploads\/2024\/08\/440202370_457791573451535_3518594456719542415_n-600x600.jpg 600w, https:\/\/cacmultimarca.com\/wp-content\/uploads\/2024\/08\/440202370_457791573451535_3518594456719542415_n-100x100.jpg 100w, https:\/\/cacmultimarca.com\/wp-content\/uploads\/2024\/08\/440202370_457791573451535_3518594456719542415_n.jpg 2048w\" sizes=\"(max-width: 800px) 100vw, 800px\" \/>\t\t\t\t\t\t\t\t\t\t\t\t\t\t\t<\/div>\n\t\t\t\t<\/div>\n\t\t\t\t\t<\/div>\n\t\t\t\t<\/div>\n\t\t<div class=\"elementor-element elementor-element-13e5eb5 e-flex e-con-boxed e-con e-parent\" data-id=\"13e5eb5\" data-element_type=\"container\" data-e-type=\"container\">\n\t\t\t\t\t<div class=\"e-con-inner\">\n\t\t\t\t<div class=\"elementor-element elementor-element-6e8a10c elementor-widget elementor-widget-spacer\" data-id=\"6e8a10c\" data-element_type=\"widget\" data-e-type=\"widget\" data-widget_type=\"spacer.default\">\n\t\t\t\t<div class=\"elementor-widget-container\">\n\t\t\t\t\t\t\t<div class=\"elementor-spacer\">\n\t\t\t<div class=\"elementor-spacer-inner\"><\/div>\n\t\t<\/div>\n\t\t\t\t\t\t<\/div>\n\t\t\t\t<\/div>\n\t\t\t\t\t<\/div>\n\t\t\t\t<\/div>\n\t\t<div class=\"elementor-element elementor-element-9ee38ec e-flex e-con-boxed e-con e-parent\" data-id=\"9ee38ec\" data-element_type=\"container\" data-e-type=\"container\">\n\t\t\t\t\t<div class=\"e-con-inner\">\n\t\t\t\t<div class=\"elementor-element elementor-element-738eb56 elementor-widget elementor-widget-video\" data-id=\"738eb56\" data-element_type=\"widget\" data-e-type=\"widget\" data-settings=\"{&quot;video_type&quot;:&quot;hosted&quot;,&quot;autoplay&quot;:&quot;yes&quot;,&quot;controls&quot;:&quot;yes&quot;}\" data-widget_type=\"video.default\">\n\t\t\t\t<div class=\"elementor-widget-container\">\n\t\t\t\t\t\t\t<div class=\"e-hosted-video elementor-wrapper elementor-open-inline\">\n\t\t\t\t\t<video class=\"elementor-video\" src=\"https:\/\/cacmultimarca.com\/wp-content\/uploads\/2024\/08\/Video-by-cactuconcesionario-1.webm\" autoplay=\"\" controls=\"\" controlsList=\"nodownload\"><\/video>\n\t\t\t\t<\/div>\n\t\t\t\t\t\t<\/div>\n\t\t\t\t<\/div>\n\t\t\t\t\t<\/div>\n\t\t\t\t<\/div>\n\t\t<div class=\"elementor-element elementor-element-6ce8ebc e-flex e-con-boxed e-con e-parent\" data-id=\"6ce8ebc\" data-element_type=\"container\" data-e-type=\"container\">\n\t\t\t\t\t<div class=\"e-con-inner\">\n\t\t\t\t<div class=\"elementor-element elementor-element-6e6671c elementor-widget elementor-widget-spacer\" data-id=\"6e6671c\" data-element_type=\"widget\" data-e-type=\"widget\" data-widget_type=\"spacer.default\">\n\t\t\t\t<div class=\"elementor-widget-container\">\n\t\t\t\t\t\t\t<div class=\"elementor-spacer\">\n\t\t\t<div class=\"elementor-spacer-inner\"><\/div>\n\t\t<\/div>\n\t\t\t\t\t\t<\/div>\n\t\t\t\t<\/div>\n\t\t\t\t\t<\/div>\n\t\t\t\t<\/div>\n\t\t<div class=\"elementor-element elementor-element-1ceee32 e-flex e-con-boxed e-con e-parent\" data-id=\"1ceee32\" data-element_type=\"container\" data-e-type=\"container\">\n\t\t\t\t\t<div class=\"e-con-inner\">\n\t\t\t\t<div class=\"elementor-element elementor-element-b5b48e0 elementor-widget elementor-widget-image\" data-id=\"b5b48e0\" data-element_type=\"widget\" data-e-type=\"widget\" data-widget_type=\"image.default\">\n\t\t\t\t<div class=\"elementor-widget-container\">\n\t\t\t\t\t\t\t\t\t\t\t\t\t\t\t<img loading=\"lazy\" decoding=\"async\" width=\"800\" height=\"450\" src=\"https:\/\/cacmultimarca.com\/wp-content\/uploads\/2024\/07\/440244_476955-1024x576.jpg\" class=\"attachment-large size-large wp-image-356\" alt=\"\" srcset=\"https:\/\/cacmultimarca.com\/wp-content\/uploads\/2024\/07\/440244_476955-1024x576.jpg 1024w, https:\/\/cacmultimarca.com\/wp-content\/uploads\/2024\/07\/440244_476955-600x338.jpg 600w, https:\/\/cacmultimarca.com\/wp-content\/uploads\/2024\/07\/440244_476955-300x169.jpg 300w, https:\/\/cacmultimarca.com\/wp-content\/uploads\/2024\/07\/440244_476955-768x432.jpg 768w, https:\/\/cacmultimarca.com\/wp-content\/uploads\/2024\/07\/440244_476955.jpg 1200w\" sizes=\"(max-width: 800px) 100vw, 800px\" \/>\t\t\t\t\t\t\t\t\t\t\t\t\t\t\t<\/div>\n\t\t\t\t<\/div>\n\t\t\t\t\t<\/div>\n\t\t\t\t<\/div>\n\t\t<div class=\"elementor-element elementor-element-e3506c0 e-flex e-con-boxed e-con e-parent\" data-id=\"e3506c0\" data-element_type=\"container\" data-e-type=\"container\">\n\t\t\t\t\t<div class=\"e-con-inner\">\n\t\t\t\t<div class=\"elementor-element elementor-element-01ed18e elementor-widget elementor-widget-spacer\" data-id=\"01ed18e\" data-element_type=\"widget\" data-e-type=\"widget\" data-widget_type=\"spacer.default\">\n\t\t\t\t<div class=\"elementor-widget-container\">\n\t\t\t\t\t\t\t<div class=\"elementor-spacer\">\n\t\t\t<div class=\"elementor-spacer-inner\"><\/div>\n\t\t<\/div>\n\t\t\t\t\t\t<\/div>\n\t\t\t\t<\/div>\n\t\t\t\t\t<\/div>\n\t\t\t\t<\/div>\n\t\t\t\t<\/div>\n\t\t","protected":false},"excerpt":{"rendered":"<p>\u00a0 \u00a0 \u00a0 \u00a0 \u00a0 \u00a0 \u00a0 \u00a0 \u00a0 \u00a0 \u00a0PDI Inspecci\u00f3n Pre-entrega Revisi\u00f3n T\u00e9cnica y Cualitativa Total Garant\u00eda de Funcionamiento \u00a0 \u00a0 \u00a0Servicio de Colisiones Convenio con las Mejores Compa\u00f1ias de Seguro Reemplazo con Piezas Originales Servicio Especializado en Latoner\u00eda y Pintura Mantenimiento Preventivo Plan de Mantenimiento cada 5000 Km Diagn\u00f3stico de Aver\u00edas con [&hellip;]<\/p>\n","protected":false},"author":1,"featured_media":0,"parent":0,"menu_order":0,"comment_status":"closed","ping_status":"closed","template":"","meta":{"_joinchat":[],"footnotes":""},"class_list":["post-15","page","type-page","status-publish","hentry"],"jetpack_sharing_enabled":true,"_links":{"self":[{"href":"https:\/\/cacmultimarca.com\/index.php\/wp-json\/wp\/v2\/pages\/15"}],"collection":[{"href":"https:\/\/cacmultimarca.com\/index.php\/wp-json\/wp\/v2\/pages"}],"about":[{"href":"https:\/\/cacmultimarca.com\/index.php\/wp-json\/wp\/v2\/types\/page"}],"author":[{"embeddable":true,"href":"https:\/\/cacmultimarca.com\/index.php\/wp-json\/wp\/v2\/users\/1"}],"replies":[{"embeddable":true,"href":"https:\/\/cacmultimarca.com\/index.php\/wp-json\/wp\/v2\/comments?post=15"}],"version-history":[{"count":79,"href":"https:\/\/cacmultimarca.com\/index.php\/wp-json\/wp\/v2\/pages\/15\/revisions"}],"predecessor-version":[{"id":917,"href":"https:\/\/cacmultimarca.com\/index.php\/wp-json\/wp\/v2\/pages\/15\/revisions\/917"}],"wp:attachment":[{"href":"https:\/\/cacmultimarca.com\/index.php\/wp-json\/wp\/v2\/media?parent=15"}],"curies":[{"name":"wp","href":"https:\/\/api.w.org\/{rel}","templated":true}]}}